{"id":32,"date":"2023-07-28T22:04:07","date_gmt":"2023-07-28T20:04:07","guid":{"rendered":"https:\/\/os-donji-kraljevec.skole.hr\/?page_id=32"},"modified":"2025-10-08T11:16:42","modified_gmt":"2025-10-08T09:16:42","slug":"podrucne-skole","status":"publish","type":"page","link":"https:\/\/os-donji-kraljevec.skole.hr\/?page_id=32","title":{"rendered":"Misija i vizija \u0161kole"},"content":{"rendered":"<p>[et_pb_section fb_built=&#8221;1&#8243; _builder_version=&#8221;4.25.0&#8243; _module_preset=&#8221;default&#8221; global_colors_info=&#8221;{}&#8221;][et_pb_row _builder_version=&#8221;4.25.0&#8243; _module_preset=&#8221;default&#8221; global_colors_info=&#8221;{}&#8221;][et_pb_column type=&#8221;4_4&#8243; _builder_version=&#8221;4.25.0&#8243; _module_preset=&#8221;default&#8221; global_colors_info=&#8221;{}&#8221;][et_pb_image src=&#8221;https:\/\/os-donji-kraljevec.skole.hr\/wp-content\/uploads\/sites\/428\/2024\/08\/logo.jpg&#8221; title_text=&#8221;logo&#8221; align=&#8221;center&#8221; _builder_version=&#8221;4.25.0&#8243; _module_preset=&#8221;default&#8221; global_colors_info=&#8221;{}&#8221;][\/et_pb_image][\/et_pb_column][\/et_pb_row][et_pb_row _builder_version=&#8221;4.25.0&#8243; _module_preset=&#8221;default&#8221; global_colors_info=&#8221;{}&#8221;][et_pb_column type=&#8221;4_4&#8243; _builder_version=&#8221;4.25.0&#8243; _module_preset=&#8221;default&#8221; global_colors_info=&#8221;{}&#8221;][et_pb_text _builder_version=&#8221;4.25.0&#8243; _module_preset=&#8221;default&#8221; hover_enabled=&#8221;0&#8243; global_colors_info=&#8221;{}&#8221; sticky_enabled=&#8221;0&#8243;]<\/p>\n<h4 style=\"text-align: center\"><strong>MISIJA I VIZIJA \u0160KOLE<\/strong><\/h4>\n<p><strong><\/strong><\/p>\n<p style=\"font-weight: 400\">Cilj na\u0161e \u0161kole je odgoj i obrazovanje mladog \u010dovjeka za odr\u017eivi su\u017eivot s okolinom. \u017delimo da iz na\u0161e \u0161kole iza\u0111u odgovori i samostalni mladi ljudi koji \u0107e imati razvijenu empatiju prema ljudima, ali i prema\u00a0 svakom dijelu \u017eivog svijeta. Va\u017eno nam je poticati inkluziju osoba s te\u0161ko\u0107ama i uva\u017eavanje razli\u010ditosti.<\/p>\n<p style=\"font-weight: 400\">\u00a0<strong>Misija<\/strong><span>\u00a0<\/span>i<span>\u00a0<\/span><strong>vizija<\/strong><span>\u00a0<\/span>vo\u0111ene su slu\u017ebenim motom \u0161kole:<\/p>\n<p style=\"font-weight: 400\"><strong>\u201eU snazi prirode snaga \u010dovjeka zrije.\u201c<\/strong><\/p>\n<p style=\"font-weight: 400\">Ovaj moto pokazuje koliko je na\u0161a \u0161kola i sve njezine aktivnosti posve\u0107ena za\u0161titi i o\u010duvanju prirode te odr\u017eivom razvoju.<\/p>\n<p style=\"font-weight: 400\"><strong>MISIJA \u0160KOLE<\/strong><\/p>\n<p style=\"font-weight: 400\">Odgoj i obrazovanje temeljeni na<span>\u00a0<\/span><strong>ravnopravnosti<span>\u00a0<\/span><\/strong>koji stvaraju<span>\u00a0<\/span><strong>samostalne i odgovorne<\/strong><span>\u00a0<\/span>u\u010denike i u\u010denice i razvijaju svijest o va\u017enosti<span>\u00a0<\/span><strong>prirode<\/strong><span>\u00a0<\/span>za \u017eivot i zajednicu.<\/p>\n<p style=\"font-weight: 400\"><strong>VIZIJA \u0160KOLE<\/strong><\/p>\n<p style=\"font-weight: 400\">Vizija na\u0161e \u0161kole je biti<span>\u00a0<\/span><strong>mjesto zajedni\u0161tva i podr\u0161ke<\/strong><span>\u00a0<\/span>u kojem u\u010denici, djelatnici i obitelji zajedno stvaraju poticajno i sigurno okru\u017eenje za u\u010denje i rast. Te\u017eimo tome da na\u0161i u\u010denici razvijaju<span>\u00a0<\/span><strong>empatiju<\/strong>, u\u010de\u0107i cijeniti sebe, druge i prirodu koja ih okru\u017euje.<\/p>\n<p style=\"font-weight: 400\"><strong>POSEBAN NAGLASAK STAVLJAMO NA:<\/strong><\/p>\n<p style=\"font-weight: 400\"><strong>1\u00a0\u00a0\u00a0\u00a0\u00a0<span>\u00a0<\/span><\/strong><strong>pozitivan pogled na svijet<\/strong><\/p>\n<p style=\"font-weight: 400\"><strong>2\u00a0\u00a0\u00a0\u00a0\u00a0<span>\u00a0<\/span><\/strong><strong>suradnju \u0161kole, obitelji i lokalne zajednice<\/strong><\/p>\n<p style=\"font-weight: 400\"><strong>3\u00a0\u00a0\u00a0\u00a0\u00a0<span>\u00a0<\/span><\/strong><strong>razvoj samostalnosti i odgovornosti<\/strong><\/p>\n<p style=\"font-weight: 400\"><strong>4\u00a0\u00a0\u00a0\u00a0\u00a0<span>\u00a0<\/span><\/strong><strong>ravnopravnost i inkluziju<\/strong><\/p>\n<p style=\"font-weight: 400\"><b>5\u00a0 \u00a0 \u00a0 <\/b><strong>razvoj digitalnih kompetencija i tehnolo\u0161ke pismenosti<\/strong><\/p>\n<p>[\/et_pb_text][\/et_pb_column][\/et_pb_row][\/et_pb_section]<\/p>\n","protected":false},"excerpt":{"rendered":"<p>MISIJA I VIZIJA \u0160KOLE Cilj na\u0161e \u0161kole je odgoj i obrazovanje mladog \u010dovjeka za odr\u017eivi su\u017eivot s okolinom. \u017delimo da iz na\u0161e \u0161kole iza\u0111u odgovori i samostalni mladi ljudi koji \u0107e imati razvijenu empatiju prema ljudima, ali i prema\u00a0 svakom dijelu \u017eivog svijeta. Va\u017eno nam je poticati inkluziju osoba s te\u0161ko\u0107ama i uva\u017eavanje razli\u010ditosti. \u00a0Misija\u00a0i\u00a0vizija\u00a0vo\u0111ene [&hellip;]<\/p>\n","protected":false},"author":0,"featured_media":0,"parent":0,"menu_order":0,"comment_status":"closed","ping_status":"closed","template":"","meta":{"_et_pb_use_builder":"on","_et_pb_old_content":"","_et_gb_content_width":"","footnotes":""},"class_list":["post-32","page","type-page","status-publish","hentry"],"_links":{"self":[{"href":"https:\/\/os-donji-kraljevec.skole.hr\/index.php?rest_route=\/wp\/v2\/pages\/32","targetHints":{"allow":["GET"]}}],"collection":[{"href":"https:\/\/os-donji-kraljevec.skole.hr\/index.php?rest_route=\/wp\/v2\/pages"}],"about":[{"href":"https:\/\/os-donji-kraljevec.skole.hr\/index.php?rest_route=\/wp\/v2\/types\/page"}],"replies":[{"embeddable":true,"href":"https:\/\/os-donji-kraljevec.skole.hr\/index.php?rest_route=%2Fwp%2Fv2%2Fcomments&post=32"}],"version-history":[{"count":4,"href":"https:\/\/os-donji-kraljevec.skole.hr\/index.php?rest_route=\/wp\/v2\/pages\/32\/revisions"}],"predecessor-version":[{"id":298887,"href":"https:\/\/os-donji-kraljevec.skole.hr\/index.php?rest_route=\/wp\/v2\/pages\/32\/revisions\/298887"}],"wp:attachment":[{"href":"https:\/\/os-donji-kraljevec.skole.hr\/index.php?rest_route=%2Fwp%2Fv2%2Fmedia&parent=32"}],"curies":[{"name":"wp","href":"https:\/\/api.w.org\/{rel}","templated":true}]}}