{"id":297072,"date":"2025-04-15T11:22:44","date_gmt":"2025-04-15T09:22:44","guid":{"rendered":"https:\/\/os-donji-kraljevec.skole.hr\/?page_id=297072"},"modified":"2025-05-26T11:11:06","modified_gmt":"2025-05-26T09:11:06","slug":"297072-2","status":"publish","type":"page","link":"https:\/\/os-donji-kraljevec.skole.hr\/?page_id=297072","title":{"rendered":"Upisi u srednje \u0161kole"},"content":{"rendered":"<p>[et_pb_section fb_built=&#8221;1&#8243; _builder_version=&#8221;4.25.0&#8243; _module_preset=&#8221;default&#8221; global_colors_info=&#8221;{}&#8221;][et_pb_row column_structure=&#8221;1_2,1_2&#8243; _builder_version=&#8221;4.25.0&#8243; _module_preset=&#8221;default&#8221; global_colors_info=&#8221;{}&#8221;][et_pb_column type=&#8221;1_2&#8243; _builder_version=&#8221;4.25.0&#8243; _module_preset=&#8221;default&#8221; global_colors_info=&#8221;{}&#8221;][et_pb_text _builder_version=&#8221;4.25.0&#8243; _module_preset=&#8221;default&#8221; hover_enabled=&#8221;0&#8243; sticky_enabled=&#8221;0&#8243;]<\/p>\n<h4><strong>Upisi u srednje \u0161kole 2025.\/2026.<\/strong><\/h4>\n<p><strong><\/strong><\/p>\n<p>Dokumenti:<\/p>\n<p><a href=\"https:\/\/os-donji-kraljevec.skole.hr\/wp-content\/uploads\/sites\/428\/2025\/05\/Odluka-o-upis-ucenika-i-programi-NN-25-26.pdf\" rel=\"attachment wp-att-297822\">Odluka o upisu u\u010denika u prvi razred srednje \u0161kole 2025.\/2026.<\/a><\/p>\n<p><a href=\"https:\/\/www.zakon.hr\/c\/podzakonski-propis\/27327\/pravilnik-o-elementima-i-kriterijima-za-izbor-kandidata-za-upis-u-i.-razred-srednje-skole-%E2%80%93-procisceni-tekst#google_vignette\" target=\"_blank\" rel=\"noopener\">Pravilnik o elementima i kriterijima za izbor kandidata za upis u 1. razred srednje \u0161kole<\/a><\/p>\n<p>[\/et_pb_text][\/et_pb_column][et_pb_column type=&#8221;1_2&#8243; _builder_version=&#8221;4.25.0&#8243; _module_preset=&#8221;default&#8221; global_colors_info=&#8221;{}&#8221;][et_pb_text _builder_version=&#8221;4.25.0&#8243; _module_preset=&#8221;default&#8221; hover_enabled=&#8221;0&#8243; global_colors_info=&#8221;{}&#8221; sticky_enabled=&#8221;0&#8243;]<\/p>\n<p>&nbsp;<\/p>\n<p>Predstavljanje srednjih \u0161kola:<\/p>\n<p><a href=\"https:\/\/os-donji-kraljevec.skole.hr\/wp-content\/uploads\/sites\/428\/2025\/04\/go2gimnaCK.pdf\" rel=\"attachment wp-att-297045\">Gimnazija Josipa Slavenskog \u010cakovec<\/a><\/p>\n<p><a href=\"https:\/\/os-donji-kraljevec.skole.hr\/wp-content\/uploads\/sites\/428\/2025\/04\/strukovizija2025.pdf\" rel=\"attachment wp-att-297105\">Strukovizija 2025.<\/a><\/p>\n<p>&nbsp;<\/p>\n<p>[\/et_pb_text][\/et_pb_column][\/et_pb_row][\/et_pb_section]<\/p>\n","protected":false},"excerpt":{"rendered":"<p>Upisi u srednje \u0161kole 2025.\/2026. Dokumenti: Odluka o upisu u\u010denika u prvi razred srednje \u0161kole 2025.\/2026. Pravilnik o elementima i kriterijima za izbor kandidata za upis u 1. razred srednje \u0161kole&nbsp; Predstavljanje srednjih \u0161kola: Gimnazija Josipa Slavenskog \u010cakovec Strukovizija 2025. &nbsp;<\/p>\n","protected":false},"author":446,"featured_media":0,"parent":0,"menu_order":0,"comment_status":"closed","ping_status":"closed","template":"","meta":{"_et_pb_use_builder":"on","_et_pb_old_content":"","_et_gb_content_width":"","footnotes":""},"class_list":["post-297072","page","type-page","status-publish","hentry"],"_links":{"self":[{"href":"https:\/\/os-donji-kraljevec.skole.hr\/index.php?rest_route=\/wp\/v2\/pages\/297072","targetHints":{"allow":["GET"]}}],"collection":[{"href":"https:\/\/os-donji-kraljevec.skole.hr\/index.php?rest_route=\/wp\/v2\/pages"}],"about":[{"href":"https:\/\/os-donji-kraljevec.skole.hr\/index.php?rest_route=\/wp\/v2\/types\/page"}],"author":[{"embeddable":true,"href":"https:\/\/os-donji-kraljevec.skole.hr\/index.php?rest_route=\/wp\/v2\/users\/446"}],"replies":[{"embeddable":true,"href":"https:\/\/os-donji-kraljevec.skole.hr\/index.php?rest_route=%2Fwp%2Fv2%2Fcomments&post=297072"}],"version-history":[{"count":9,"href":"https:\/\/os-donji-kraljevec.skole.hr\/index.php?rest_route=\/wp\/v2\/pages\/297072\/revisions"}],"predecessor-version":[{"id":297843,"href":"https:\/\/os-donji-kraljevec.skole.hr\/index.php?rest_route=\/wp\/v2\/pages\/297072\/revisions\/297843"}],"wp:attachment":[{"href":"https:\/\/os-donji-kraljevec.skole.hr\/index.php?rest_route=%2Fwp%2Fv2%2Fmedia&parent=297072"}],"curies":[{"name":"wp","href":"https:\/\/api.w.org\/{rel}","templated":true}]}}