{"id":296031,"date":"2025-01-17T12:57:14","date_gmt":"2025-01-17T11:57:14","guid":{"rendered":"https:\/\/os-donji-kraljevec.skole.hr\/?page_id=296031"},"modified":"2026-01-16T15:55:08","modified_gmt":"2026-01-16T14:55:08","slug":"upisi-u-prvi-razred-osnovne-skole","status":"publish","type":"page","link":"https:\/\/os-donji-kraljevec.skole.hr\/?page_id=296031","title":{"rendered":"Upisi u prvi razred osnovne \u0161kole"},"content":{"rendered":"<p>[et_pb_section fb_built=&#8221;1&#8243; _builder_version=&#8221;4.25.0&#8243; _module_preset=&#8221;default&#8221; global_colors_info=&#8221;{}&#8221;][et_pb_row _builder_version=&#8221;4.25.0&#8243; _module_preset=&#8221;default&#8221; global_colors_info=&#8221;{}&#8221;][et_pb_column type=&#8221;4_4&#8243; _builder_version=&#8221;4.25.0&#8243; _module_preset=&#8221;default&#8221; global_colors_info=&#8221;{}&#8221;][et_pb_text _builder_version=&#8221;4.25.0&#8243; _module_preset=&#8221;default&#8221; hover_enabled=&#8221;0&#8243; global_colors_info=&#8221;{}&#8221; sticky_enabled=&#8221;0&#8243;]<\/p>\n<h4><strong>Upisi u prvi razred osnovne \u0161kole 2026.\/2027.<\/strong><\/h4>\n<p><a href=\"https:\/\/os-donji-kraljevec.skole.hr\/wp-content\/uploads\/sites\/428\/2026\/01\/Roditeljski-sastanak-2026-2027.pdf\" rel=\"attachment wp-att-300219\">Roditeljski sastanak 2026-2027<\/a><\/p>\n<p><a href=\"https:\/\/os-donji-kraljevec.skole.hr\/wp-content\/uploads\/sites\/428\/2026\/01\/PLAN-UPISA-U-PRVI-RAZRED-OS-2026-2027.pdf\" rel=\"attachment wp-att-300201\">PLAN UPISA U PRVI RAZRED O\u0160 &#8211; 2026-2027<\/a><\/p>\n<p><a href=\"https:\/\/os-donji-kraljevec.skole.hr\/wp-content\/uploads\/sites\/428\/2026\/01\/BROSURA-upis-djece-u-prvi-razred-OS-informacije.pdf\" rel=\"attachment wp-att-300207\">BRO\u0160URA-upis djece u prvi razred O\u0160-informacije<\/a><\/p>\n<p><a href=\"https:\/\/os-donji-kraljevec.skole.hr\/wp-content\/uploads\/sites\/428\/2026\/01\/POPIS-OSNOVNIH-SKOLA-S-KONTAKT-PODACIMA.pdf\" rel=\"attachment wp-att-300210\">POPIS OSNOVNIH \u0160KOLA S KONTAKT PODACIMA<\/a><\/p>\n<p><a href=\"https:\/\/os-donji-kraljevec.skole.hr\/wp-content\/uploads\/sites\/428\/2026\/01\/UPISNA-PODRUCJA.pdf\" rel=\"attachment wp-att-300222\">UPISNA PODRU\u010cJA<\/a><\/p>\n<p>&nbsp;<\/p>\n<p>[\/et_pb_text][\/et_pb_column][\/et_pb_row][\/et_pb_section]<\/p>\n","protected":false},"excerpt":{"rendered":"<p>Upisi u prvi razred osnovne \u0161kole 2026.\/2027. Roditeljski sastanak 2026-2027 PLAN UPISA U PRVI RAZRED O\u0160 &#8211; 2026-2027 BRO\u0160URA-upis djece u prvi razred O\u0160-informacije POPIS OSNOVNIH \u0160KOLA S KONTAKT PODACIMA UPISNA PODRU\u010cJA &nbsp;<\/p>\n","protected":false},"author":446,"featured_media":0,"parent":0,"menu_order":0,"comment_status":"closed","ping_status":"closed","template":"","meta":{"_et_pb_use_builder":"on","_et_pb_old_content":"","_et_gb_content_width":"","footnotes":""},"class_list":["post-296031","page","type-page","status-publish","hentry"],"_links":{"self":[{"href":"https:\/\/os-donji-kraljevec.skole.hr\/index.php?rest_route=\/wp\/v2\/pages\/296031","targetHints":{"allow":["GET"]}}],"collection":[{"href":"https:\/\/os-donji-kraljevec.skole.hr\/index.php?rest_route=\/wp\/v2\/pages"}],"about":[{"href":"https:\/\/os-donji-kraljevec.skole.hr\/index.php?rest_route=\/wp\/v2\/types\/page"}],"author":[{"embeddable":true,"href":"https:\/\/os-donji-kraljevec.skole.hr\/index.php?rest_route=\/wp\/v2\/users\/446"}],"replies":[{"embeddable":true,"href":"https:\/\/os-donji-kraljevec.skole.hr\/index.php?rest_route=%2Fwp%2Fv2%2Fcomments&post=296031"}],"version-history":[{"count":3,"href":"https:\/\/os-donji-kraljevec.skole.hr\/index.php?rest_route=\/wp\/v2\/pages\/296031\/revisions"}],"predecessor-version":[{"id":300225,"href":"https:\/\/os-donji-kraljevec.skole.hr\/index.php?rest_route=\/wp\/v2\/pages\/296031\/revisions\/300225"}],"wp:attachment":[{"href":"https:\/\/os-donji-kraljevec.skole.hr\/index.php?rest_route=%2Fwp%2Fv2%2Fmedia&parent=296031"}],"curies":[{"name":"wp","href":"https:\/\/api.w.org\/{rel}","templated":true}]}}