{"id":293742,"date":"2024-09-13T13:53:41","date_gmt":"2024-09-13T11:53:41","guid":{"rendered":"https:\/\/os-donji-kraljevec.skole.hr\/?page_id=293742"},"modified":"2025-05-20T12:11:06","modified_gmt":"2025-05-20T10:11:06","slug":"mjesecni-izvjestaji","status":"publish","type":"page","link":"https:\/\/os-donji-kraljevec.skole.hr\/?page_id=293742","title":{"rendered":"Mjese\u010dni izvje\u0161taji"},"content":{"rendered":"<p>[et_pb_section fb_built=&#8221;1&#8243; _builder_version=&#8221;4.25.0&#8243; _module_preset=&#8221;default&#8221; global_colors_info=&#8221;{}&#8221;][et_pb_row _builder_version=&#8221;4.25.0&#8243; _module_preset=&#8221;default&#8221; global_colors_info=&#8221;{}&#8221;][et_pb_column type=&#8221;4_4&#8243; _builder_version=&#8221;4.25.0&#8243; _module_preset=&#8221;default&#8221; global_colors_info=&#8221;{}&#8221;][et_pb_text _builder_version=&#8221;4.25.0&#8243; _module_preset=&#8221;default&#8221; hover_enabled=&#8221;0&#8243; global_colors_info=&#8221;{}&#8221; sticky_enabled=&#8221;0&#8243;]<\/p>\n<h4><strong>Financijski dokumenti &#8211; mjese\u010dni izvje\u0161taji<\/strong><\/h4>\n<p><strong><a href=\"https:\/\/os-donji-kraljevec.skole.hr\/wp-content\/uploads\/sites\/428\/2025\/05\/Javna-objava-informacija-o-trosenju-sredstava-za-travanj-2025.pdf\" rel=\"attachment wp-att-297666\">Javna objava informacija o tro\u0161enju sredstava za travanj 2025.<\/a><\/strong><\/p>\n<p><strong><a href=\"https:\/\/os-donji-kraljevec.skole.hr\/wp-content\/uploads\/sites\/428\/2025\/04\/Javna-objava-informacija-o-trosenju-sredstava-za-ozujak-2025.pdf\" rel=\"attachment wp-att-297003\">Javna objava informacija o tro\u0161enju sredstava za o\u017eujak 2025.<\/a><\/strong><\/p>\n<p><strong><a href=\"https:\/\/os-donji-kraljevec.skole.hr\/wp-content\/uploads\/sites\/428\/2025\/03\/Javna-objava-o-trosenju-sredstava-veljaca-2025.pdf\" rel=\"attachment wp-att-296583\">Javna objava informacija o tro\u0161enju sredstava za velja\u010du 2025.<\/a><\/strong><\/p>\n<p><strong><a href=\"https:\/\/os-donji-kraljevec.skole.hr\/wp-content\/uploads\/sites\/428\/2025\/02\/Javna-objava-informacija-o-trosenju-sredstava-za-sijecanj-2025.pdf\" rel=\"attachment wp-att-296145\">Javna objava informacija o tro\u0161enju sredstava za sije\u010danj 2025.<\/a><\/strong><\/p>\n<p><strong><a href=\"https:\/\/os-donji-kraljevec.skole.hr\/wp-content\/uploads\/sites\/428\/2025\/01\/Javna-objava-informacija-o-trosenju-sredstava-za-prosinac-2024.pdf\" rel=\"attachment wp-att-295890\">Javna objava informacija o tro\u0161enju sredstava za prosinac 2024.<\/a><\/strong><\/p>\n<p><strong><a href=\"https:\/\/os-donji-kraljevec.skole.hr\/wp-content\/uploads\/sites\/428\/2024\/12\/Javna-objava-informacija-o-trosenju-sredstava-za-studeni-2024.pdf\" rel=\"attachment wp-att-295464\">Javna objava informacija o tro\u0161enju sredstava za studeni 2024<\/a>.<\/strong><\/p>\n<p><strong><a href=\"https:\/\/os-donji-kraljevec.skole.hr\/wp-content\/uploads\/sites\/428\/2024\/11\/Javna-objava-informacija-o-trosenju-sredstava-listopad-2024.pdf\" rel=\"attachment wp-att-295197\">Javna objava informacija o tro\u0161enju sredstava &#8211; listopad 2024<\/a>.<\/strong><\/p>\n<p><strong><a href=\"https:\/\/os-donji-kraljevec.skole.hr\/wp-content\/uploads\/sites\/428\/2024\/10\/Javna-objava-informacija-o-trosenju-sredstava-rujan-2024.pdf\" rel=\"attachment wp-att-294060\">Javna objava informacija o tro\u0161enju sredstava rujan 2024.<\/a><\/strong><\/p>\n<p><strong><a href=\"https:\/\/os-donji-kraljevec.skole.hr\/wp-content\/uploads\/sites\/428\/2024\/09\/Javna-objava-o-trosenju-sredstava-kolovoz2024.pdf\" rel=\"attachment wp-att-293754\">Javna objava o tro\u0161enju sredstava &#8211; kolovoz2024<\/a><\/strong><\/p>\n<p>[\/et_pb_text][\/et_pb_column][\/et_pb_row][\/et_pb_section]<\/p>\n","protected":false},"excerpt":{"rendered":"<p>Financijski dokumenti &#8211; mjese\u010dni izvje\u0161taji Javna objava informacija o tro\u0161enju sredstava za travanj 2025. Javna objava informacija o tro\u0161enju sredstava za o\u017eujak 2025. Javna objava informacija o tro\u0161enju sredstava za velja\u010du 2025. Javna objava informacija o tro\u0161enju sredstava za sije\u010danj 2025. Javna objava informacija o tro\u0161enju sredstava za prosinac 2024. Javna objava informacija o tro\u0161enju [&hellip;]<\/p>\n","protected":false},"author":446,"featured_media":0,"parent":0,"menu_order":0,"comment_status":"closed","ping_status":"closed","template":"","meta":{"_et_pb_use_builder":"on","_et_pb_old_content":"","_et_gb_content_width":"","footnotes":""},"class_list":["post-293742","page","type-page","status-publish","hentry"],"_links":{"self":[{"href":"https:\/\/os-donji-kraljevec.skole.hr\/index.php?rest_route=\/wp\/v2\/pages\/293742","targetHints":{"allow":["GET"]}}],"collection":[{"href":"https:\/\/os-donji-kraljevec.skole.hr\/index.php?rest_route=\/wp\/v2\/pages"}],"about":[{"href":"https:\/\/os-donji-kraljevec.skole.hr\/index.php?rest_route=\/wp\/v2\/types\/page"}],"author":[{"embeddable":true,"href":"https:\/\/os-donji-kraljevec.skole.hr\/index.php?rest_route=\/wp\/v2\/users\/446"}],"replies":[{"embeddable":true,"href":"https:\/\/os-donji-kraljevec.skole.hr\/index.php?rest_route=%2Fwp%2Fv2%2Fcomments&post=293742"}],"version-history":[{"count":12,"href":"https:\/\/os-donji-kraljevec.skole.hr\/index.php?rest_route=\/wp\/v2\/pages\/293742\/revisions"}],"predecessor-version":[{"id":297672,"href":"https:\/\/os-donji-kraljevec.skole.hr\/index.php?rest_route=\/wp\/v2\/pages\/293742\/revisions\/297672"}],"wp:attachment":[{"href":"https:\/\/os-donji-kraljevec.skole.hr\/index.php?rest_route=%2Fwp%2Fv2%2Fmedia&parent=293742"}],"curies":[{"name":"wp","href":"https:\/\/api.w.org\/{rel}","templated":true}]}}