{"id":293724,"date":"2024-09-13T13:47:43","date_gmt":"2024-09-13T11:47:43","guid":{"rendered":"https:\/\/os-donji-kraljevec.skole.hr\/?page_id=293724"},"modified":"2025-10-12T18:45:45","modified_gmt":"2025-10-12T16:45:45","slug":"skolski-odbor-2","status":"publish","type":"page","link":"https:\/\/os-donji-kraljevec.skole.hr\/?page_id=293724","title":{"rendered":"\u0160kolski odbor"},"content":{"rendered":"<p>[et_pb_section fb_built=&#8221;1&#8243; _builder_version=&#8221;4.25.0&#8243; _module_preset=&#8221;default&#8221; global_colors_info=&#8221;{}&#8221;][et_pb_row _builder_version=&#8221;4.25.0&#8243; _module_preset=&#8221;default&#8221; global_colors_info=&#8221;{}&#8221;][et_pb_column type=&#8221;4_4&#8243; _builder_version=&#8221;4.25.0&#8243; _module_preset=&#8221;default&#8221; global_colors_info=&#8221;{}&#8221;][et_pb_text _builder_version=&#8221;4.25.0&#8243; _module_preset=&#8221;default&#8221; global_colors_info=&#8221;{}&#8221;]<\/p>\n<h4><strong>\u0160kolski odbor<\/strong><\/h4>\n<p><strong><u>\u010clanovi \u0160kolskog odbora O\u0160 Donji Kraljevec u mandatu od 4.4.2025.<\/u><u><\/u><\/strong><\/p>\n<p>[\/et_pb_text][et_pb_image src=&#8221;https:\/\/os-donji-kraljevec.skole.hr\/wp-content\/uploads\/sites\/428\/2025\/05\/clanovi-skolski.jpg&#8221; title_text=&#8221;clanovi-skolski&#8221; _builder_version=&#8221;4.25.0&#8243; _module_preset=&#8221;default&#8221; global_colors_info=&#8221;{}&#8221;][\/et_pb_image][\/et_pb_column][\/et_pb_row][et_pb_row _builder_version=&#8221;4.25.0&#8243; _module_preset=&#8221;default&#8221; global_colors_info=&#8221;{}&#8221;][et_pb_column type=&#8221;4_4&#8243; _builder_version=&#8221;4.25.0&#8243; _module_preset=&#8221;default&#8221; global_colors_info=&#8221;{}&#8221;][et_pb_text _builder_version=&#8221;4.25.0&#8243; _module_preset=&#8221;default&#8221; hover_enabled=&#8221;0&#8243; global_colors_info=&#8221;{}&#8221; sticky_enabled=&#8221;0&#8243;]<\/p>\n<h4>Zapisnici i pozivi:<\/h4>\n<p><a href=\"https:\/\/os-donji-kraljevec.skole.hr\/wp-content\/uploads\/sites\/428\/2025\/10\/Zapisnik-4.-sjednice-SO.pdf\" rel=\"attachment wp-att-298908\">Zapisnik 4. sjednice \u0160O 11.9.2025.<\/a><\/p>\n<p><a href=\"https:\/\/os-donji-kraljevec.skole.hr\/wp-content\/uploads\/sites\/428\/2025\/10\/Zapisnik-3.-sjednice-SO-25.7.2025_.pdf\" rel=\"attachment wp-att-298905\">Zapisnik 3. sjednice \u0160O 25.7.2025_<\/a><\/p>\n<p><a href=\"https:\/\/os-donji-kraljevec.skole.hr\/wp-content\/uploads\/sites\/428\/2025\/10\/Zapisnik-2.-sjednice-SO-16.5.2025.pdf\" rel=\"attachment wp-att-298899\">Zapisnik 2. sjednice \u0160O 16.5.2025.<\/a><\/p>\n<p><a href=\"https:\/\/os-donji-kraljevec.skole.hr\/wp-content\/uploads\/sites\/428\/2025\/05\/Skraceni-zapisnik-1.sjednice-SO-OS-DK-2.5.2025.pdf\" rel=\"attachment wp-att-297675\">Skra\u0107eni zapisnik 1.sjednice \u0160O O\u0160 DK 2.5.2025.<\/a><\/p>\n<p><a href=\"https:\/\/os-donji-kraljevec.skole.hr\/wp-content\/uploads\/sites\/428\/2025\/05\/Skraceni-zapisnik-konstituirajuce-sjednice-SO-OS-DK-4.4.2025.pdf\" rel=\"attachment wp-att-297552\">Skra\u0107eni zapisnik konstituiraju\u0107e sjednice \u0160O O\u0160 DK 4.4.2025.<\/a><\/p>\n<p><a href=\"https:\/\/os-donji-kraljevec.skole.hr\/wp-content\/uploads\/sites\/428\/2025\/04\/Rjesenje-o-imenovanju-predstavnika-radnika-u-SO-OS-DK-2025.pdf\" rel=\"attachment wp-att-296976\">Rje\u0161enje o imenovanju predstavnika radnika u \u0160O O\u0160 DK 2025.<\/a><\/p>\n<p><a href=\"https:\/\/os-donji-kraljevec.skole.hr\/wp-content\/uploads\/sites\/428\/2025\/04\/Zapisnik-o-konacnim-rezultatima-izbora-predstavnika-radnika-u-SO-OS-DK.pdf\" rel=\"attachment wp-att-296970\">Zapisnik o kona\u010dnim rezultatima izbora predstavnika radnika u \u0160O O\u0160 DK<\/a><\/p>\n<p><a href=\"https:\/\/os-donji-kraljevec.skole.hr\/wp-content\/uploads\/sites\/428\/2025\/04\/Zapisnik-o-prethodnim-rezultatima-izbora-predstavnika-radnika-u-SO-OS-DK-2.4.2025.pdf\" rel=\"attachment wp-att-296910\">Zapisnik o prethodnim rezultatima izbora predstavnika radnika u \u0160O O\u0160 DK 2.4.2025.<\/a><\/p>\n<p><a href=\"https:\/\/os-donji-kraljevec.skole.hr\/wp-content\/uploads\/sites\/428\/2025\/03\/Izjava-o-pristanku-za-uvrstenje-na-listu-kandidata-za-predstavnika-radnika-u-skolski-odbor-2025.docx\" rel=\"attachment wp-att-296865\">Izjava o pristanku za uvr\u0161tenje na listu kandidata za predstavnika radnika u \u0161kolski odbor 2025.<\/a><\/p>\n<p><a href=\"https:\/\/os-donji-kraljevec.skole.hr\/wp-content\/uploads\/sites\/428\/2025\/03\/Lista-kandidata-za-predstavnika-radnika-u-Skolskom-odboru-OS-Donji-Kraljevec.docx\" rel=\"attachment wp-att-296862\">Lista kandidata za predstavnika radnika u \u0160kolskom odboru O\u0160 Donji Kraljevec<\/a><\/p>\n<p><a href=\"https:\/\/os-donji-kraljevec.skole.hr\/wp-content\/uploads\/sites\/428\/2025\/03\/Odluka-o-imenovanju-izbornog-odbora-27.3.2025.pdf\" rel=\"attachment wp-att-296859\">Odluka o imenovanju izbornog odbora 27.3.2025.<\/a><\/p>\n<p><a href=\"https:\/\/os-donji-kraljevec.skole.hr\/wp-content\/uploads\/sites\/428\/2025\/03\/Zapisnik-sa-skupa-radnika-OS-Donji-Kraljevec-27.3.2025.pdf\" rel=\"attachment wp-att-296856\">Zapisnik sa skupa radnika O\u0160 Donji Kraljevec 27.3.2025.<\/a><\/p>\n<p><a href=\"https:\/\/os-donji-kraljevec.skole.hr\/wp-content\/uploads\/sites\/428\/2025\/03\/Popis-biraca-na-izborima-za-predstavnika-radnika-u-Skolksi-odbor-OS-Donji-Kraljevec.pdf\" rel=\"attachment wp-att-296853\">Popis bira\u010da na izborima za predstavnika radnika u \u0160kolksi odbor O\u0160 Donji Kraljevec<\/a><\/p>\n<p><a href=\"https:\/\/os-donji-kraljevec.skole.hr\/wp-content\/uploads\/sites\/428\/2025\/03\/Odluka-izbornog-odbora-o-izborima-za-predstavnika-radnika-u-SO-OS-DK.pdf\" rel=\"attachment wp-att-296850\">Odluka izbornog odbora o izborima za predstavnika radnika u \u0160O O\u0160 DK<\/a><\/p>\n<p><a href=\"https:\/\/os-donji-kraljevec.skole.hr\/wp-content\/uploads\/sites\/428\/2025\/03\/Skraceni-zapisnik-31.sjednice-SO-OS-DK.pdf\" rel=\"attachment wp-att-296838\">Skra\u0107eni zapisnik 31.sjednice \u0160O O\u0160 DK<\/a><\/p>\n<p><a href=\"https:\/\/os-donji-kraljevec.skole.hr\/wp-content\/uploads\/sites\/428\/2025\/03\/Poziv-na-sastanak-skupa-radnika.pdf\" rel=\"attachment wp-att-296646\">Poziv na sastanak skupa radnika<\/a><\/p>\n<p><a href=\"https:\/\/os-donji-kraljevec.skole.hr\/wp-content\/uploads\/sites\/428\/2025\/02\/Odluka-o-imenovanju-osobe-koja-zamjenjuje-ravnateljicu.pdf\" rel=\"attachment wp-att-296469\">Odluka o imenovanju osobe koja zamjenjuje ravnateljicu<\/a><\/p>\n<p><a href=\"https:\/\/os-donji-kraljevec.skole.hr\/wp-content\/uploads\/sites\/428\/2025\/02\/Prijedlog-izbora-clana-SO.pdf\" rel=\"attachment wp-att-296463\">Prijedlog izbora \u010dlana \u0160O<\/a><\/p>\n<p><a href=\"https:\/\/os-donji-kraljevec.skole.hr\/wp-content\/uploads\/sites\/428\/2025\/02\/Zapisnik-30.sjednice-SO-OS-DK-24.2.2025.pdf\" rel=\"attachment wp-att-296454\">Zapisnik 30.sjednice \u0160O O\u0160 DK 24.2.2025.<\/a><\/p>\n<p><a href=\"https:\/\/os-donji-kraljevec.skole.hr\/wp-content\/uploads\/sites\/428\/2025\/02\/Poziv-na-30.sjednicu-SO-OS-DK.pdf\" rel=\"attachment wp-att-296391\">Poziv na 30.sjednicu \u0160O O\u0160 DK<\/a><\/p>\n<p><a href=\"https:\/\/os-donji-kraljevec.skole.hr\/wp-content\/uploads\/sites\/428\/2025\/01\/Skraceni-zapisnik-29.sjednice-SO-OS-DK.pdf\" rel=\"attachment wp-att-296022\">Skra\u0107eni zapisnik 29.sjednice \u0160O O\u0160 DK<\/a><\/p>\n<p><a href=\"https:\/\/os-donji-kraljevec.skole.hr\/wp-content\/uploads\/sites\/428\/2025\/01\/Poziv-na-29.sjednicu-SO-O-DK.pdf\" rel=\"attachment wp-att-296019\">Poziv na 29.sjednicu \u0160O O\u0160 DK<\/a><\/p>\n<p><a href=\"https:\/\/os-donji-kraljevec.skole.hr\/wp-content\/uploads\/sites\/428\/2025\/01\/Skraceni-zapisnik-28.sjednice-SO-OS-DK.pdf\" rel=\"attachment wp-att-295959\">Skra\u0107eni zapisnik 28.sjednice \u0160O O\u0160 DK<\/a><\/p>\n<p><a href=\"https:\/\/os-donji-kraljevec.skole.hr\/wp-content\/uploads\/sites\/428\/2025\/01\/Poziv-na-28.sjednicu-SO-OS-DK.pdf\" rel=\"attachment wp-att-295956\">Poziv na 28.sjednicu \u0160O O\u0160 DK<\/a><\/p>\n<p><a href=\"https:\/\/os-donji-kraljevec.skole.hr\/wp-content\/uploads\/sites\/428\/2025\/01\/Skraceni-zapisnik-27.sjednice-SO-OS-DK.pdf\" rel=\"attachment wp-att-295953\">Skra\u0107eni zapisnik 27.sjednice \u0160O O\u0160 DK<\/a><\/p>\n<p><a href=\"https:\/\/os-donji-kraljevec.skole.hr\/wp-content\/uploads\/sites\/428\/2025\/01\/Poziv-na-27.sjednicu-SO-OS-DK.pdf\" rel=\"attachment wp-att-296013\">Poziv na 27.sjednicu \u0160O O\u0160 DK<\/a><\/p>\n<p><a href=\"https:\/\/os-donji-kraljevec.skole.hr\/wp-content\/uploads\/sites\/428\/2025\/01\/Skraceni-zapisnik-26.sjednice-SO-OS-DK.pdf\" rel=\"attachment wp-att-295950\">Skra\u0107eni zapisnik 26.sjednice \u0160O O\u0160 DK<\/a><\/p>\n<p><a href=\"https:\/\/os-donji-kraljevec.skole.hr\/wp-content\/uploads\/sites\/428\/2025\/01\/Poziv-na-26.sjednicu-SO-OS-DK.pdf\" rel=\"attachment wp-att-295944\">Poziv na 26.sjednicu \u0160O O\u0160 DK<\/a><\/p>\n<p>[\/et_pb_text][\/et_pb_column][\/et_pb_row][\/et_pb_section]<\/p>\n","protected":false},"excerpt":{"rendered":"<p>\u0160kolski odbor \u010clanovi \u0160kolskog odbora O\u0160 Donji Kraljevec u mandatu od 4.4.2025.Zapisnici i pozivi: Zapisnik 4. sjednice \u0160O 11.9.2025. Zapisnik 3. sjednice \u0160O 25.7.2025_ Zapisnik 2. sjednice \u0160O 16.5.2025. Skra\u0107eni zapisnik 1.sjednice \u0160O O\u0160 DK 2.5.2025. Skra\u0107eni zapisnik konstituiraju\u0107e sjednice \u0160O O\u0160 DK 4.4.2025. Rje\u0161enje o imenovanju predstavnika radnika u \u0160O O\u0160 DK 2025. Zapisnik [&hellip;]<\/p>\n","protected":false},"author":446,"featured_media":0,"parent":0,"menu_order":0,"comment_status":"closed","ping_status":"closed","template":"","meta":{"_et_pb_use_builder":"on","_et_pb_old_content":"","_et_gb_content_width":"","footnotes":""},"class_list":["post-293724","page","type-page","status-publish","hentry"],"_links":{"self":[{"href":"https:\/\/os-donji-kraljevec.skole.hr\/index.php?rest_route=\/wp\/v2\/pages\/293724","targetHints":{"allow":["GET"]}}],"collection":[{"href":"https:\/\/os-donji-kraljevec.skole.hr\/index.php?rest_route=\/wp\/v2\/pages"}],"about":[{"href":"https:\/\/os-donji-kraljevec.skole.hr\/index.php?rest_route=\/wp\/v2\/types\/page"}],"author":[{"embeddable":true,"href":"https:\/\/os-donji-kraljevec.skole.hr\/index.php?rest_route=\/wp\/v2\/users\/446"}],"replies":[{"embeddable":true,"href":"https:\/\/os-donji-kraljevec.skole.hr\/index.php?rest_route=%2Fwp%2Fv2%2Fcomments&post=293724"}],"version-history":[{"count":24,"href":"https:\/\/os-donji-kraljevec.skole.hr\/index.php?rest_route=\/wp\/v2\/pages\/293724\/revisions"}],"predecessor-version":[{"id":298911,"href":"https:\/\/os-donji-kraljevec.skole.hr\/index.php?rest_route=\/wp\/v2\/pages\/293724\/revisions\/298911"}],"wp:attachment":[{"href":"https:\/\/os-donji-kraljevec.skole.hr\/index.php?rest_route=%2Fwp%2Fv2%2Fmedia&parent=293724"}],"curies":[{"name":"wp","href":"https:\/\/api.w.org\/{rel}","templated":true}]}}