{"id":292899,"date":"2024-08-26T11:35:37","date_gmt":"2024-08-26T09:35:37","guid":{"rendered":"https:\/\/os-donji-kraljevec.skole.hr\/?page_id=292899"},"modified":"2026-03-25T13:23:03","modified_gmt":"2026-03-25T12:23:03","slug":"financijski-dokumenti","status":"publish","type":"page","link":"https:\/\/os-donji-kraljevec.skole.hr\/?page_id=292899","title":{"rendered":"Financijski dokumenti"},"content":{"rendered":"<p>[et_pb_section fb_built=&#8221;1&#8243; _builder_version=&#8221;4.25.0&#8243; _module_preset=&#8221;default&#8221; global_colors_info=&#8221;{}&#8221;][et_pb_row _builder_version=&#8221;4.25.0&#8243; _module_preset=&#8221;default&#8221; global_colors_info=&#8221;{}&#8221;][et_pb_column type=&#8221;4_4&#8243; _builder_version=&#8221;4.25.0&#8243; _module_preset=&#8221;default&#8221; global_colors_info=&#8221;{}&#8221;][et_pb_text _builder_version=&#8221;4.25.0&#8243; _module_preset=&#8221;default&#8221; hover_enabled=&#8221;0&#8243; global_colors_info=&#8221;{}&#8221; sticky_enabled=&#8221;0&#8243;]<\/p>\n<h4><strong><\/strong><\/h4>\n<h4><strong>Izvje\u0161\u0107e za 2025. godinu<\/strong><\/h4>\n<p><strong><a href=\"https:\/\/os-donji-kraljevec.skole.hr\/wp-content\/uploads\/sites\/428\/2026\/03\/Izvrsenje-financijskog-plana-za-2025.xlsx\" rel=\"attachment wp-att-301296\">Izvr\u0161enje financijskog plana za 2025.<\/a><\/strong><\/p>\n<p><strong><a href=\"https:\/\/os-donji-kraljevec.skole.hr\/wp-content\/uploads\/sites\/428\/2026\/03\/Financijsko-izvjesce-za-2025.xlsx\" rel=\"attachment wp-att-301293\">Financijsko izvje\u0161\u0107e za 2025.<\/a><\/strong><\/p>\n<p><strong><\/strong><\/p>\n<h4><strong>Izvje\u0161\u0107e 1.1.2025. &#8211; 30.6.2025.<\/strong><\/h4>\n<p><strong><a href=\"https:\/\/os-donji-kraljevec.skole.hr\/wp-content\/uploads\/sites\/428\/2025\/07\/POLUGODISNJI-IZVJESTAJ-O-IZVRSENJU-FINANCIJSKOG-PLANA-ZA-2025.GODINU.xlsx\" rel=\"attachment wp-att-298339\">POLUGODI\u0160NJI IZVJE\u0160TAJ O IZVR\u0160ENJU FINANCIJSKOG PLANA ZA 2025.GODINU<\/a><\/strong><\/p>\n<p><strong><a href=\"https:\/\/os-donji-kraljevec.skole.hr\/wp-content\/uploads\/sites\/428\/2025\/07\/Izvjestaji-proracuna.xlsx\" rel=\"attachment wp-att-298342\">Izvje\u0161taji prora\u010duna<\/a><\/strong><\/p>\n<p><strong><a href=\"https:\/\/os-donji-kraljevec.skole.hr\/wp-content\/uploads\/sites\/428\/2025\/07\/Biljeske-uz-financijske-izvjestaje-razine-31-za-I-VI-2025.docx\" rel=\"attachment wp-att-298345\">Bilje\u0161ke uz financijske izvje\u0161taje razine 31 za I &#8211; VI 2025.<\/a><\/strong><\/p>\n<p><strong><a href=\"https:\/\/os-donji-kraljevec.skole.hr\/wp-content\/uploads\/sites\/428\/2025\/07\/OBRAZLOZENJE-IZVRSENJA-PRORACUNA-ZA-2024.docx\" rel=\"attachment wp-att-298348\">OBRAZLO\u017dENJE IZVR\u0160ENJA PRORA\u010cUNA ZA 2024.<\/a><\/strong><\/p>\n<p><strong><\/strong><\/p>\n<h4><strong>Godi\u0161nje izvje\u0161\u0107e za 2024.<\/strong><\/h4>\n<p><strong><a href=\"https:\/\/os-donji-kraljevec.skole.hr\/wp-content\/uploads\/sites\/428\/2025\/02\/Financijsko-izvjesce-za-2024.xlsx\" rel=\"attachment wp-att-296217\">Financijsko izvje\u0161\u0107e za 2024.<\/a><\/strong><\/p>\n<p><strong><a href=\"https:\/\/os-donji-kraljevec.skole.hr\/wp-content\/uploads\/sites\/428\/2025\/02\/Izvjestaji-proracuna-proracunskih-i-izvanproracunskih-korisnika-2024.pdf\" rel=\"attachment wp-att-296229\">Izvje\u0161taji prora\u010duna, prora\u010dunskih i izvanprora\u010dunskih korisnika 2024.<\/a><\/strong><\/p>\n<p><strong><\/strong><\/p>\n<p>[\/et_pb_text][\/et_pb_column][\/et_pb_row][\/et_pb_section]<\/p>\n","protected":false},"excerpt":{"rendered":"<p>Izvje\u0161\u0107e za 2025. godinu Izvr\u0161enje financijskog plana za 2025. Financijsko izvje\u0161\u0107e za 2025. Izvje\u0161\u0107e 1.1.2025. &#8211; 30.6.2025. POLUGODI\u0160NJI IZVJE\u0160TAJ O IZVR\u0160ENJU FINANCIJSKOG PLANA ZA 2025.GODINU Izvje\u0161taji prora\u010duna Bilje\u0161ke uz financijske izvje\u0161taje razine 31 za I &#8211; VI 2025. OBRAZLO\u017dENJE IZVR\u0160ENJA PRORA\u010cUNA ZA 2024. Godi\u0161nje izvje\u0161\u0107e za 2024. Financijsko izvje\u0161\u0107e za 2024. Izvje\u0161taji prora\u010duna, prora\u010dunskih i [&hellip;]<\/p>\n","protected":false},"author":446,"featured_media":0,"parent":0,"menu_order":0,"comment_status":"closed","ping_status":"closed","template":"","meta":{"_et_pb_use_builder":"on","_et_pb_old_content":"","_et_gb_content_width":"","footnotes":""},"class_list":["post-292899","page","type-page","status-publish","hentry"],"_links":{"self":[{"href":"https:\/\/os-donji-kraljevec.skole.hr\/index.php?rest_route=\/wp\/v2\/pages\/292899","targetHints":{"allow":["GET"]}}],"collection":[{"href":"https:\/\/os-donji-kraljevec.skole.hr\/index.php?rest_route=\/wp\/v2\/pages"}],"about":[{"href":"https:\/\/os-donji-kraljevec.skole.hr\/index.php?rest_route=\/wp\/v2\/types\/page"}],"author":[{"embeddable":true,"href":"https:\/\/os-donji-kraljevec.skole.hr\/index.php?rest_route=\/wp\/v2\/users\/446"}],"replies":[{"embeddable":true,"href":"https:\/\/os-donji-kraljevec.skole.hr\/index.php?rest_route=%2Fwp%2Fv2%2Fcomments&post=292899"}],"version-history":[{"count":9,"href":"https:\/\/os-donji-kraljevec.skole.hr\/index.php?rest_route=\/wp\/v2\/pages\/292899\/revisions"}],"predecessor-version":[{"id":301299,"href":"https:\/\/os-donji-kraljevec.skole.hr\/index.php?rest_route=\/wp\/v2\/pages\/292899\/revisions\/301299"}],"wp:attachment":[{"href":"https:\/\/os-donji-kraljevec.skole.hr\/index.php?rest_route=%2Fwp%2Fv2%2Fmedia&parent=292899"}],"curies":[{"name":"wp","href":"https:\/\/api.w.org\/{rel}","templated":true}]}}