{"id":292893,"date":"2024-08-26T11:35:11","date_gmt":"2024-08-26T09:35:11","guid":{"rendered":"https:\/\/os-donji-kraljevec.skole.hr\/?page_id=292893"},"modified":"2026-03-16T10:37:47","modified_gmt":"2026-03-16T09:37:47","slug":"pravilnici","status":"publish","type":"page","link":"https:\/\/os-donji-kraljevec.skole.hr\/?page_id=292893","title":{"rendered":"Pravilnici"},"content":{"rendered":"<p>[et_pb_section fb_built=&#8221;1&#8243; _builder_version=&#8221;4.25.0&#8243; _module_preset=&#8221;default&#8221; global_colors_info=&#8221;{}&#8221;][et_pb_row _builder_version=&#8221;4.25.0&#8243; _module_preset=&#8221;default&#8221; global_colors_info=&#8221;{}&#8221;][et_pb_column type=&#8221;4_4&#8243; _builder_version=&#8221;4.25.0&#8243; _module_preset=&#8221;default&#8221; global_colors_info=&#8221;{}&#8221;][et_pb_text _builder_version=&#8221;4.25.0&#8243; _module_preset=&#8221;default&#8221; hover_enabled=&#8221;0&#8243; global_colors_info=&#8221;{}&#8221; sticky_enabled=&#8221;0&#8243;]<\/p>\n<h4><strong>Pravilnici, protokoli, ku\u0107ni red \u0161kole:<\/strong><\/h4>\n<p><a href=\"https:\/\/os-donji-kraljevec.skole.hr\/wp-content\/uploads\/sites\/428\/2026\/03\/Pravilnik-o-kriterijima-za-izricanje-pedagoskih-mjera-13.3.2026.pdf\" rel=\"attachment wp-att-300996\">Pravilnik o kriterijima za izricanje pedago\u0161kih mjera-13.3.2026.<\/a><\/p>\n<p><a href=\"https:\/\/os-donji-kraljevec.skole.hr\/wp-content\/uploads\/sites\/428\/2025\/02\/Eticki-kodeks-OS-DK-2025.pdf\" rel=\"attachment wp-att-296481\">Eti\u010dki kodeks 2025.<\/a><\/p>\n<p><a href=\"https:\/\/os-donji-kraljevec.skole.hr\/wp-content\/uploads\/sites\/428\/2025\/01\/Protokol-OS-DK-o-kontroli-ulaska-i-izlaska-13.1.2025.pdf\" rel=\"attachment wp-att-295974\">Protokol O\u0160 Donji Kraljevec o kontroli ulaska i izlaska 13.1.2025.<\/a><\/p>\n<p><a href=\"https:\/\/os-donji-kraljevec.skole.hr\/wp-content\/uploads\/sites\/428\/2025\/01\/Protokol-o-kontroli-ulaska-i-izlaska-u-skolskim-ustanovama-ver-2-1-2025.pdf\" rel=\"attachment wp-att-295809\">Protokol MZOM o kontroli ulaska i izlaska u \u0161kolskim ustanovama-ver-2.1.2025.<\/a><\/p>\n<p><a href=\"https:\/\/os-donji-kraljevec.skole.hr\/wp-content\/uploads\/sites\/428\/2026\/03\/Protokol-o-postupanju-u-slucaju-nasilja-medu-djecom-i-mladima-2024.pdf\" rel=\"attachment wp-att-300837\">Protokol-o-postupanju-u-slu\u010daju-nasilja-me\u0111u-djecom-i-mladima-2024.<\/a><\/p>\n<p><a href=\"https:\/\/os-donji-kraljevec.skole.hr\/wp-content\/uploads\/sites\/428\/2025\/02\/Pravilnik-o-promicanju-spoznaje-o-stetnosti-duhanskih-proizvoda.pdf\" rel=\"attachment wp-att-296250\">Pravilnik o promicanju spoznaje o \u0161tetnosti duhanskih proizvoda<\/a><\/p>\n<p><a href=\"https:\/\/os-donji-kraljevec.skole.hr\/wp-content\/uploads\/sites\/428\/2025\/02\/Pravilnik-o-zastiti-od-pozara.pdf\" rel=\"attachment wp-att-296253\">Pravilnik o za\u0161titi od po\u017eara<\/a><\/p>\n<p><a href=\"https:\/\/os-donji-kraljevec.skole.hr\/wp-content\/uploads\/sites\/428\/2025\/02\/Pravilnik-o-zastiti-na-radu.pdf\" rel=\"attachment wp-att-296256\">Pravilnik o za\u0161titi na radu<\/a><\/p>\n<p><a href=\"https:\/\/os-donji-kraljevec.skole.hr\/wp-content\/uploads\/sites\/428\/2025\/02\/Poslovnik-o-radu-kolegijalnih-tijela.pdf\" rel=\"attachment wp-att-296259\">Poslovnik o radu kolegijalnih tijela<\/a><\/p>\n<p><a href=\"https:\/\/os-donji-kraljevec.skole.hr\/wp-content\/uploads\/sites\/428\/2025\/02\/Pravilnik-o-provedbi-postupaka-jednostavne-javne-nabave.pdf\" rel=\"attachment wp-att-296268\">Pravilnik o provedbi postupaka jednostavne javne nabave<\/a><\/p>\n<p><a href=\"https:\/\/os-donji-kraljevec.skole.hr\/wp-content\/uploads\/sites\/428\/2025\/02\/Pravilnik-o-cuvanju-arhivskog-gradiva.pdf\" rel=\"attachment wp-att-296274\">Pravilnik o \u010duvanju arhivskog gradiva<\/a><\/p>\n<p><a href=\"https:\/\/os-donji-kraljevec.skole.hr\/wp-content\/uploads\/sites\/428\/2024\/09\/ODLUKA-O-KUCNOM-REDU-OS-DONJI-KRALJEVEC.pdf\" rel=\"attachment wp-att-293643\">ODLUKA O KU\u0106NOM REDU O\u0160 DONJI KRALJEVEC<\/a><\/p>\n<p><a href=\"https:\/\/os-donji-kraljevec.skole.hr\/wp-content\/uploads\/sites\/428\/2024\/09\/Pravilnik-o-kriterijima-za-izricanje-pedagoskih-mjera.pdf\" rel=\"attachment wp-att-293649\">Pravilnik-o-kriterijima-za-izricanje-pedago\u0161kih-mjera<\/a><\/p>\n<p><a href=\"https:\/\/os-donji-kraljevec.skole.hr\/wp-content\/uploads\/sites\/428\/2024\/09\/Pravilnik-o-nacinima-postupcima-i-elementima-vrednovanja-ucenika-u-osnovnoj-i-srednjoj-skoli.pdf\" rel=\"attachment wp-att-293652\">Pravilnik-o-na\u010dinima-postupcima-i-elementima-vrednovanja-u\u010denika-u-osnovnoj-i-srednjoj-\u0161koli<\/a><\/p>\n<p><a href=\"https:\/\/os-donji-kraljevec.skole.hr\/wp-content\/uploads\/sites\/428\/2024\/09\/Protokol-o-postupanju-u-slucaju-nasilja-u-obitelji.pdf\" rel=\"attachment wp-att-293655\">Protokol o postupanju u slu\u010daju nasilja u obitelji<\/a><\/p>\n<p><a href=\"https:\/\/os-donji-kraljevec.skole.hr\/wp-content\/uploads\/sites\/428\/2024\/09\/Protokol-o-postupanju-u-slucaju-seksualnog-nasilja.pdf\" rel=\"attachment wp-att-293658\">Protokol-o-postupanju-u-slu\u010daju-seksualnog-nasilja<\/a><\/p>\n<p><a href=\"https:\/\/os-donji-kraljevec.skole.hr\/wp-content\/uploads\/sites\/428\/2024\/09\/Zakon-o-odgoju-i-obrazovanju-u-osnovnoj-i-srednjoj-skoli.pdf\" rel=\"attachment wp-att-293664\">Zakon-o-odgoju-i-obrazovanju-u-osnovnoj-i-srednjoj-\u0161koli<\/a><\/p>\n<p><a href=\"https:\/\/os-donji-kraljevec.skole.hr\/wp-content\/uploads\/sites\/428\/2024\/09\/Pravilnik-o-zaposljavanju-2019.pdf\" rel=\"attachment wp-att-293670\">Pravilnik o zapo\u0161ljavanju 2019.<\/a><\/p>\n<p><a href=\"https:\/\/os-donji-kraljevec.skole.hr\/wp-content\/uploads\/sites\/428\/2024\/09\/Pravilnik-o-radu-2023.pdf\" rel=\"attachment wp-att-293685\">Pravilnik o radu 2023.<\/a><\/p>\n<p><a href=\"https:\/\/os-donji-kraljevec.skole.hr\/wp-content\/uploads\/sites\/428\/2024\/09\/Pravilnik-o-izmjenama-i-dopunama-pravilnika-o-radu-2024.pdf\" rel=\"attachment wp-att-293673\">Pravilnik o izmjenama i dopunama pravilnika o radu 2024.<\/a><\/p>\n<p><a href=\"https:\/\/os-donji-kraljevec.skole.hr\/wp-content\/uploads\/sites\/428\/2024\/09\/Pravilnik-o-sistematizaciji-mjesta.pdf\" rel=\"attachment wp-att-293676\">Pravilnik o sistematizaciji mjesta<\/a><\/p>\n<p>&nbsp;<\/p>\n<p>[\/et_pb_text][\/et_pb_column][\/et_pb_row][\/et_pb_section]<\/p>\n","protected":false},"excerpt":{"rendered":"<p>Pravilnici, protokoli, ku\u0107ni red \u0161kole: Pravilnik o kriterijima za izricanje pedago\u0161kih mjera-13.3.2026. Eti\u010dki kodeks 2025. Protokol O\u0160 Donji Kraljevec o kontroli ulaska i izlaska 13.1.2025. Protokol MZOM o kontroli ulaska i izlaska u \u0161kolskim ustanovama-ver-2.1.2025. Protokol-o-postupanju-u-slu\u010daju-nasilja-me\u0111u-djecom-i-mladima-2024. Pravilnik o promicanju spoznaje o \u0161tetnosti duhanskih proizvoda Pravilnik o za\u0161titi od po\u017eara Pravilnik o za\u0161titi na radu Poslovnik [&hellip;]<\/p>\n","protected":false},"author":446,"featured_media":0,"parent":0,"menu_order":0,"comment_status":"closed","ping_status":"closed","template":"","meta":{"_et_pb_use_builder":"on","_et_pb_old_content":"","_et_gb_content_width":"","footnotes":""},"class_list":["post-292893","page","type-page","status-publish","hentry"],"_links":{"self":[{"href":"https:\/\/os-donji-kraljevec.skole.hr\/index.php?rest_route=\/wp\/v2\/pages\/292893","targetHints":{"allow":["GET"]}}],"collection":[{"href":"https:\/\/os-donji-kraljevec.skole.hr\/index.php?rest_route=\/wp\/v2\/pages"}],"about":[{"href":"https:\/\/os-donji-kraljevec.skole.hr\/index.php?rest_route=\/wp\/v2\/types\/page"}],"author":[{"embeddable":true,"href":"https:\/\/os-donji-kraljevec.skole.hr\/index.php?rest_route=\/wp\/v2\/users\/446"}],"replies":[{"embeddable":true,"href":"https:\/\/os-donji-kraljevec.skole.hr\/index.php?rest_route=%2Fwp%2Fv2%2Fcomments&post=292893"}],"version-history":[{"count":15,"href":"https:\/\/os-donji-kraljevec.skole.hr\/index.php?rest_route=\/wp\/v2\/pages\/292893\/revisions"}],"predecessor-version":[{"id":301002,"href":"https:\/\/os-donji-kraljevec.skole.hr\/index.php?rest_route=\/wp\/v2\/pages\/292893\/revisions\/301002"}],"wp:attachment":[{"href":"https:\/\/os-donji-kraljevec.skole.hr\/index.php?rest_route=%2Fwp%2Fv2%2Fmedia&parent=292893"}],"curies":[{"name":"wp","href":"https:\/\/api.w.org\/{rel}","templated":true}]}}