{"id":292881,"date":"2024-08-26T11:34:20","date_gmt":"2024-08-26T09:34:20","guid":{"rendered":"https:\/\/os-donji-kraljevec.skole.hr\/?page_id=292881"},"modified":"2025-05-27T11:17:04","modified_gmt":"2025-05-27T09:17:04","slug":"statut-2","status":"publish","type":"page","link":"https:\/\/os-donji-kraljevec.skole.hr\/?page_id=292881","title":{"rendered":"Statut"},"content":{"rendered":"<p>[et_pb_section fb_built=&#8221;1&#8243; _builder_version=&#8221;4.25.0&#8243; _module_preset=&#8221;default&#8221; global_colors_info=&#8221;{}&#8221;][et_pb_row _builder_version=&#8221;4.25.0&#8243; _module_preset=&#8221;default&#8221; global_colors_info=&#8221;{}&#8221;][et_pb_column type=&#8221;4_4&#8243; _builder_version=&#8221;4.25.0&#8243; _module_preset=&#8221;default&#8221; global_colors_info=&#8221;{}&#8221;][et_pb_text _builder_version=&#8221;4.25.0&#8243; _module_preset=&#8221;default&#8221; hover_enabled=&#8221;0&#8243; global_colors_info=&#8221;{}&#8221; sticky_enabled=&#8221;0&#8243;]<\/p>\n<h4><span>Statut Osnovne \u0161kole Donji Kraljevec<\/span><\/h4>\n<p style=\"text-align: justify\"><span>Statutom Osnovne \u0161kole Donji Kraljevec utvr\u0111uju se statusna obilje\u017eja, ustrojstvo, obavljanje djelatnosti, ovlasti i na\u010din odlu\u010divanja tijela upravljanja i stru\u010dnih tijela, izricanje pedago\u0161kih mjera, polo\u017eaj, prava i obveze u\u010denika, u\u010ditelja, ravnatelja i roditelja te druga pitanja od zna\u010denja za djelatnost i rad\u00a0\u0161kole.<\/span><\/p>\n<p style=\"text-align: justify\">\n<p style=\"text-align: justify\"><a href=\"https:\/\/os-donji-kraljevec.skole.hr\/wp-content\/uploads\/sites\/428\/2025\/05\/Izmjenjeni-i-dopunjeni-statut-28.5.2025.pdf\" rel=\"attachment wp-att-297855\">Statut O\u0160 Donji Kraljevec &#8211; 28.5.2025.<\/a><\/p>\n<p>[\/et_pb_text][\/et_pb_column][\/et_pb_row][\/et_pb_section]<\/p>\n","protected":false},"excerpt":{"rendered":"<p>Statut Osnovne \u0161kole Donji Kraljevec Statutom Osnovne \u0161kole Donji Kraljevec utvr\u0111uju se statusna obilje\u017eja, ustrojstvo, obavljanje djelatnosti, ovlasti i na\u010din odlu\u010divanja tijela upravljanja i stru\u010dnih tijela, izricanje pedago\u0161kih mjera, polo\u017eaj, prava i obveze u\u010denika, u\u010ditelja, ravnatelja i roditelja te druga pitanja od zna\u010denja za djelatnost i rad\u00a0\u0161kole. Statut O\u0160 Donji Kraljevec &#8211; 28.5.2025.<\/p>\n","protected":false},"author":446,"featured_media":0,"parent":0,"menu_order":0,"comment_status":"closed","ping_status":"closed","template":"","meta":{"_et_pb_use_builder":"on","_et_pb_old_content":"","_et_gb_content_width":"","footnotes":""},"class_list":["post-292881","page","type-page","status-publish","hentry"],"_links":{"self":[{"href":"https:\/\/os-donji-kraljevec.skole.hr\/index.php?rest_route=\/wp\/v2\/pages\/292881","targetHints":{"allow":["GET"]}}],"collection":[{"href":"https:\/\/os-donji-kraljevec.skole.hr\/index.php?rest_route=\/wp\/v2\/pages"}],"about":[{"href":"https:\/\/os-donji-kraljevec.skole.hr\/index.php?rest_route=\/wp\/v2\/types\/page"}],"author":[{"embeddable":true,"href":"https:\/\/os-donji-kraljevec.skole.hr\/index.php?rest_route=\/wp\/v2\/users\/446"}],"replies":[{"embeddable":true,"href":"https:\/\/os-donji-kraljevec.skole.hr\/index.php?rest_route=%2Fwp%2Fv2%2Fcomments&post=292881"}],"version-history":[{"count":5,"href":"https:\/\/os-donji-kraljevec.skole.hr\/index.php?rest_route=\/wp\/v2\/pages\/292881\/revisions"}],"predecessor-version":[{"id":297861,"href":"https:\/\/os-donji-kraljevec.skole.hr\/index.php?rest_route=\/wp\/v2\/pages\/292881\/revisions\/297861"}],"wp:attachment":[{"href":"https:\/\/os-donji-kraljevec.skole.hr\/index.php?rest_route=%2Fwp%2Fv2%2Fmedia&parent=292881"}],"curies":[{"name":"wp","href":"https:\/\/api.w.org\/{rel}","templated":true}]}}