{"id":20,"date":"2023-07-28T22:02:44","date_gmt":"2023-07-28T20:02:44","guid":{"rendered":"https:\/\/os-donji-kraljevec.skole.hr\/?page_id=20"},"modified":"2025-10-12T18:59:53","modified_gmt":"2025-10-12T16:59:53","slug":"o-skoli","status":"publish","type":"page","link":"https:\/\/os-donji-kraljevec.skole.hr\/?page_id=20","title":{"rendered":"O \u0161koli"},"content":{"rendered":"<p>[et_pb_section fb_built=&#8221;1&#8243; _builder_version=&#8221;4.25.0&#8243; _module_preset=&#8221;default&#8221; global_colors_info=&#8221;{}&#8221;][et_pb_row _builder_version=&#8221;4.25.0&#8243; _module_preset=&#8221;default&#8221; global_colors_info=&#8221;{}&#8221;][et_pb_column type=&#8221;4_4&#8243; _builder_version=&#8221;4.25.0&#8243; _module_preset=&#8221;default&#8221; global_colors_info=&#8221;{}&#8221;][et_pb_text _builder_version=&#8221;4.25.0&#8243; _module_preset=&#8221;default&#8221; hover_enabled=&#8221;0&#8243; global_colors_info=&#8221;{}&#8221; sticky_enabled=&#8221;0&#8243;]<\/p>\n<h4><strong>O \u0161koli<\/strong><\/h4>\n<p>Osnovna \u0161kola Donji Kraljevec od <strong>1.rujna 2004.<\/strong> djeluje kao samostalna mati\u010dna osnovna \u0161kola. Nastala je razdvajanjem Osnovne \u0161kole Dra\u0161kovec \u2013 Donji Kraljevec na Osnovnu \u0161kolu Dra\u0161kovec i Osnovnu \u0161kolu Donji Kraljevec temeljem Izmjene Odluke o mre\u017ei osnovnih \u0161kola.<\/p>\n<p>&nbsp;<\/p>\n<p><strong>Ukupno u O\u0160 D. Kraljevec u \u0161kolskoj godini 2025.\/26.:<\/strong><\/p>\n<ul>\n<li>Broj u\u010denika: 100<\/li>\n<li>Pedago\u0161ki i organizacijski poslovi, stru\u010dni suradnici: 3<\/li>\n<li>U\u010ditelja: 22<\/li>\n<li>Tehni\u010dko osoblje 6<\/li>\n<li>Roditeljski dopust: 1<\/li>\n<li>Pomo\u0107nici u nastavi: 3<\/li>\n<li>Pripravnici: 1<strong><\/strong><\/li>\n<\/ul>\n<p>&nbsp;<\/p>\n<ul>\n<li><strong>Broj razrednih odjela<\/strong>:<\/li>\n<li>Odjela od I. \u2013 IV. razreda: 4<\/li>\n<li>Odjela od V. \u2013 VIII. razreda: 4<\/li>\n<\/ul>\n<p>[\/et_pb_text][\/et_pb_column][\/et_pb_row][\/et_pb_section]<\/p>\n","protected":false},"excerpt":{"rendered":"<p>O \u0161koli Osnovna \u0161kola Donji Kraljevec od 1.rujna 2004. djeluje kao samostalna mati\u010dna osnovna \u0161kola. Nastala je razdvajanjem Osnovne \u0161kole Dra\u0161kovec \u2013 Donji Kraljevec na Osnovnu \u0161kolu Dra\u0161kovec i Osnovnu \u0161kolu Donji Kraljevec temeljem Izmjene Odluke o mre\u017ei osnovnih \u0161kola. &nbsp; Ukupno u O\u0160 D. Kraljevec u \u0161kolskoj godini 2025.\/26.: Broj u\u010denika: 100 Pedago\u0161ki i [&hellip;]<\/p>\n","protected":false},"author":0,"featured_media":0,"parent":0,"menu_order":0,"comment_status":"closed","ping_status":"closed","template":"","meta":{"_et_pb_use_builder":"on","_et_pb_old_content":"","_et_gb_content_width":"","footnotes":""},"class_list":["post-20","page","type-page","status-publish","hentry"],"_links":{"self":[{"href":"https:\/\/os-donji-kraljevec.skole.hr\/index.php?rest_route=\/wp\/v2\/pages\/20","targetHints":{"allow":["GET"]}}],"collection":[{"href":"https:\/\/os-donji-kraljevec.skole.hr\/index.php?rest_route=\/wp\/v2\/pages"}],"about":[{"href":"https:\/\/os-donji-kraljevec.skole.hr\/index.php?rest_route=\/wp\/v2\/types\/page"}],"replies":[{"embeddable":true,"href":"https:\/\/os-donji-kraljevec.skole.hr\/index.php?rest_route=%2Fwp%2Fv2%2Fcomments&post=20"}],"version-history":[{"count":3,"href":"https:\/\/os-donji-kraljevec.skole.hr\/index.php?rest_route=\/wp\/v2\/pages\/20\/revisions"}],"predecessor-version":[{"id":298929,"href":"https:\/\/os-donji-kraljevec.skole.hr\/index.php?rest_route=\/wp\/v2\/pages\/20\/revisions\/298929"}],"wp:attachment":[{"href":"https:\/\/os-donji-kraljevec.skole.hr\/index.php?rest_route=%2Fwp%2Fv2%2Fmedia&parent=20"}],"curies":[{"name":"wp","href":"https:\/\/api.w.org\/{rel}","templated":true}]}}