{"id":140,"date":"2023-07-28T22:11:34","date_gmt":"2023-07-28T20:11:34","guid":{"rendered":"https:\/\/os-donji-kraljevec.skole.hr\/?page_id=140"},"modified":"2025-11-26T14:09:11","modified_gmt":"2025-11-26T13:09:11","slug":"javni-pozivi","status":"publish","type":"page","link":"https:\/\/os-donji-kraljevec.skole.hr\/?page_id=140","title":{"rendered":"Javni pozivi"},"content":{"rendered":"<p>[et_pb_section fb_built=&#8221;1&#8243; _builder_version=&#8221;4.25.0&#8243; _module_preset=&#8221;default&#8221; global_colors_info=&#8221;{}&#8221;][et_pb_row _builder_version=&#8221;4.25.0&#8243; _module_preset=&#8221;default&#8221; global_colors_info=&#8221;{}&#8221;][et_pb_column type=&#8221;4_4&#8243; _builder_version=&#8221;4.25.0&#8243; _module_preset=&#8221;default&#8221; global_colors_info=&#8221;{}&#8221;][et_pb_text _builder_version=&#8221;4.25.0&#8243; _module_preset=&#8221;default&#8221; hover_enabled=&#8221;0&#8243; global_colors_info=&#8221;{}&#8221; sticky_enabled=&#8221;0&#8243;]<\/p>\n<h4><strong>Javni pozivi<\/strong><\/h4>\n<p><strong><a href=\"https:\/\/os-donji-kraljevec.skole.hr\/wp-content\/uploads\/sites\/428\/2025\/11\/Zapisnik-2.sastanka-Povjerenstva-za-provedbu-javnoga-popziva-i-organizaciju-nastave-u-prirodi-2026.pdf\" rel=\"attachment wp-att-299703\">Zapisnik 2.sastanka Povjerenstva za provedbu javnoga popziva i organizaciju nastave u prirodi 2026.<\/a><\/strong><\/p>\n<p><strong><a href=\"https:\/\/os-donji-kraljevec.skole.hr\/wp-content\/uploads\/sites\/428\/2025\/11\/Javni-poziv-RAB.docx\" rel=\"attachment wp-att-299550\">Javni poziv &#8211; ponude za vi\u0161ednevno putovanje RAB &#8211; studeni 20205.<\/a><\/strong><\/p>\n<p><strong><a href=\"https:\/\/os-donji-kraljevec.skole.hr\/wp-content\/uploads\/sites\/428\/2025\/11\/Zapisnik-2.sastanka-povjerenstva.pdf\" rel=\"attachment wp-att-299493\">Zapisnik 2.sastanka povjerenstva<\/a><\/strong><\/p>\n<p><strong><a href=\"https:\/\/os-donji-kraljevec.skole.hr\/wp-content\/uploads\/sites\/428\/2025\/10\/Javni-poziv-01-2025.docx\" rel=\"attachment wp-att-299268\">Javni poziv &#8211; ponude za vi\u0161ednevno putovanje 27.10.2025.<\/a><\/strong><\/p>\n<p><strong><a href=\"https:\/\/os-donji-kraljevec.skole.hr\/wp-content\/uploads\/sites\/428\/2025\/10\/RASPORED-KORISTENJA-SPORTSKE-DVORANE.pdf\" rel=\"attachment wp-att-298854\">RASPORED KORI\u0160TENJA SPORTSKE DVORANE<\/a><\/strong><\/p>\n<p><strong><a href=\"https:\/\/os-donji-kraljevec.skole.hr\/wp-content\/uploads\/sites\/428\/2025\/09\/Javni-natjecaj-za-skolsku-sportsku-dvoranu-OS-Donji-Kraljevec-2025-1.pdf\" rel=\"attachment wp-att-298560\">Javni natje\u010daj za \u0161kolsku sportsku dvoranu O\u0160 Donji Kraljevec 2025.<\/a><\/strong><\/p>\n<p><strong><a href=\"https:\/\/os-donji-kraljevec.skole.hr\/wp-content\/uploads\/sites\/428\/2025\/09\/OBRAZAC-PRIJAVE.docx\" rel=\"attachment wp-att-298554\">OBRAZAC PRIJAVE za \u0161kolsku sportsku dovoranu 2025.<\/a><\/strong><\/p>\n<p><strong><a href=\"https:\/\/os-donji-kraljevec.skole.hr\/wp-content\/uploads\/sites\/428\/2025\/01\/Popis-odabranih-ponuda-za-organizaciju-Skole-u-prirodi.pdf\" rel=\"attachment wp-att-296097\">Popis odabranih ponuda za organizaciju \u0160kole u prirodi<\/a><\/strong><\/p>\n<p><strong><a href=\"https:\/\/os-donji-kraljevec.skole.hr\/wp-content\/uploads\/sites\/428\/2025\/01\/Javni_poziv_-Skola-u-prirodi_2025.docx\" rel=\"attachment wp-att-295836\">Javni_poziv_-\u0160kola u prirodi_2025<\/a><\/strong><\/p>\n<p><strong><a href=\"https:\/\/os-donji-kraljevec.skole.hr\/wp-content\/uploads\/sites\/428\/2024\/12\/Odluka-povjerenstva-o-odabiru-agencija-koje-ce-predstavljati-svoj-program-na-roditeljskom-sastanku.pdf\" rel=\"attachment wp-att-295737\">Odluka povjerenstva o odabiru agencija koje \u0107e predstavljati svoj program na roditeljskom sastanku<\/a><\/strong><\/p>\n<p><strong><a href=\"https:\/\/os-donji-kraljevec.skole.hr\/wp-content\/uploads\/sites\/428\/2024\/11\/Javni-poziv-01-2024_1.docx\" rel=\"attachment wp-att-295320\">Javni poziv 01-2024_1<\/a><\/strong><\/p>\n<p><strong><a href=\"https:\/\/os-donji-kraljevec.skole.hr\/wp-content\/uploads\/sites\/428\/2024\/10\/RASPORED-KORISTENJA-SPORTSKE-DVORANE-OS-DONJI-KRALJEVEC-OD-15.10.2024.DO-15.6.2025.pdf\" rel=\"attachment wp-att-294078\">RASPORED KORI\u0160TENJA SPORTSKE DVORANE O\u0160 DONJI KRALJEVEC OD 15.10.2024.DO 15.6.2025.<\/a><\/strong><\/p>\n<p><strong><a href=\"https:\/\/os-donji-kraljevec.skole.hr\/wp-content\/uploads\/sites\/428\/2024\/10\/Obavijest-korisnicima-o-rezultatima-natjecaja-za-iznajmljivanje-dvorane-2024.-2025.pdf\" rel=\"attachment wp-att-294072\">Obavijest korisnicima o rezultatima natje\u010daja za iznajmljivanje dvorane 2024.-2025.<\/a><\/strong><\/p>\n<p><strong><a href=\"https:\/\/os-donji-kraljevec.skole.hr\/wp-content\/uploads\/sites\/428\/2024\/09\/Javni-natjecaj-za-iskazivanje-interesa-za-iznajmljivanje-skolske-sportske-dvorane-OS-Donji-Kraljevec-19.9.2024.pdf\" rel=\"attachment wp-att-293784\">Javni natje\u010daj za iskazivanje interesa za iznajmljivanje \u0161kolske sportske dvorane O\u0160 Donji Kraljevec 19.9.2024.<\/a><\/strong><\/p>\n<p><strong><a href=\"https:\/\/os-donji-kraljevec.skole.hr\/wp-content\/uploads\/sites\/428\/2024\/09\/Obrazac-prijave-na-natjecaj-za-dvoranu-2024.docx\" rel=\"attachment wp-att-293787\">Obrazac prijave na natje\u010daj za dvoranu 2024.<\/a><\/strong><\/p>\n<p>[\/et_pb_text][\/et_pb_column][\/et_pb_row][\/et_pb_section]<\/p>\n","protected":false},"excerpt":{"rendered":"<p>Javni pozivi Zapisnik 2.sastanka Povjerenstva za provedbu javnoga popziva i organizaciju nastave u prirodi 2026. Javni poziv &#8211; ponude za vi\u0161ednevno putovanje RAB &#8211; studeni 20205. Zapisnik 2.sastanka povjerenstva Javni poziv &#8211; ponude za vi\u0161ednevno putovanje 27.10.2025. RASPORED KORI\u0160TENJA SPORTSKE DVORANE Javni natje\u010daj za \u0161kolsku sportsku dvoranu O\u0160 Donji Kraljevec 2025. OBRAZAC PRIJAVE za \u0161kolsku [&hellip;]<\/p>\n","protected":false},"author":0,"featured_media":0,"parent":0,"menu_order":0,"comment_status":"closed","ping_status":"closed","template":"","meta":{"_et_pb_use_builder":"on","_et_pb_old_content":"","_et_gb_content_width":"","footnotes":""},"class_list":["post-140","page","type-page","status-publish","hentry"],"_links":{"self":[{"href":"https:\/\/os-donji-kraljevec.skole.hr\/index.php?rest_route=\/wp\/v2\/pages\/140","targetHints":{"allow":["GET"]}}],"collection":[{"href":"https:\/\/os-donji-kraljevec.skole.hr\/index.php?rest_route=\/wp\/v2\/pages"}],"about":[{"href":"https:\/\/os-donji-kraljevec.skole.hr\/index.php?rest_route=\/wp\/v2\/types\/page"}],"replies":[{"embeddable":true,"href":"https:\/\/os-donji-kraljevec.skole.hr\/index.php?rest_route=%2Fwp%2Fv2%2Fcomments&post=140"}],"version-history":[{"count":13,"href":"https:\/\/os-donji-kraljevec.skole.hr\/index.php?rest_route=\/wp\/v2\/pages\/140\/revisions"}],"predecessor-version":[{"id":299709,"href":"https:\/\/os-donji-kraljevec.skole.hr\/index.php?rest_route=\/wp\/v2\/pages\/140\/revisions\/299709"}],"wp:attachment":[{"href":"https:\/\/os-donji-kraljevec.skole.hr\/index.php?rest_route=%2Fwp%2Fv2%2Fmedia&parent=140"}],"curies":[{"name":"wp","href":"https:\/\/api.w.org\/{rel}","templated":true}]}}