{"id":134,"date":"2023-07-28T22:11:13","date_gmt":"2023-07-28T20:11:13","guid":{"rendered":"https:\/\/os-donji-kraljevec.skole.hr\/?page_id=134"},"modified":"2026-03-25T11:59:39","modified_gmt":"2026-03-25T10:59:39","slug":"oglasi-za-posao","status":"publish","type":"page","link":"https:\/\/os-donji-kraljevec.skole.hr\/?page_id=134","title":{"rendered":"Oglasi za posao"},"content":{"rendered":"<p>[et_pb_section fb_built=&#8221;1&#8243; _builder_version=&#8221;4.25.0&#8243; _module_preset=&#8221;default&#8221; global_colors_info=&#8221;{}&#8221;][et_pb_row _builder_version=&#8221;4.25.0&#8243; _module_preset=&#8221;default&#8221; global_colors_info=&#8221;{}&#8221;][et_pb_column type=&#8221;4_4&#8243; _builder_version=&#8221;4.25.0&#8243; _module_preset=&#8221;default&#8221; global_colors_info=&#8221;{}&#8221;][et_pb_text _builder_version=&#8221;4.25.0&#8243; _module_preset=&#8221;default&#8221; hover_enabled=&#8221;0&#8243; global_colors_info=&#8221;{}&#8221; sticky_enabled=&#8221;0&#8243;]<\/p>\n<h4><strong>Oglasi za posao<\/strong><\/h4>\n<p><a href=\"https:\/\/os-donji-kraljevec.skole.hr\/wp-content\/uploads\/sites\/428\/2026\/03\/Odluka-o-zaposljavanju-domara-lozaca-25.3.2026.pdf\" rel=\"attachment wp-att-301281\">Odluka o zapo\u0161ljavanju domara-lo\u017ea\u010da 25.3.2026.<\/a><\/p>\n<p><a href=\"https:\/\/os-donji-kraljevec.skole.hr\/wp-content\/uploads\/sites\/428\/2026\/03\/Lista-kandidata-koji-ispunjavaju-formalne-uvjete-za-domara-lozaca-ozujak-2026.pdf\" rel=\"attachment wp-att-301038\">Lista kandidata koji ispunjavaju formalne uvjete za domara-lo\u017ea\u010da o\u017eujak 2026.<\/a><\/p>\n<p><strong><a href=\"https:\/\/os-donji-kraljevec.skole.hr\/wp-content\/uploads\/sites\/428\/2026\/03\/Natjecaj-za-domara-lozaca-5.3.2026.pdf\" rel=\"attachment wp-att-300858\">Natje\u010daj za radno mjesto domar\/lo\u017ea\u010d &#8211; 5.3.2026.<\/a><\/strong><\/p>\n<p><strong><a href=\"https:\/\/os-donji-kraljevec.skole.hr\/wp-content\/uploads\/sites\/428\/2026\/02\/Odluka-o-zaposljavanju-operativnog-djelatnika-za-sigurnost-i-civilnu-zastitu-6.2.2026.pdf\" rel=\"attachment wp-att-300333\">Odluka o zapo\u0161ljavanju operativnog djelatnika za sigurnost i civilnu za\u0161titu 6.2.2026.<\/a><\/strong><\/p>\n<p><strong><a href=\"https:\/\/os-donji-kraljevec.skole.hr\/wp-content\/uploads\/sites\/428\/2026\/01\/Lista-kandidata-koji-ispunjavaju-formalne-uvjete-natjecaja-za-operativnog-djelatnika-27.1.2026.pdf\" rel=\"attachment wp-att-300306\">Lista kandidata koji ispunjavaju formalne uvjete natje\u010daja za operativnog djelatnika 27.1.2026.<\/a><\/strong><\/p>\n<p><strong><a href=\"https:\/\/os-donji-kraljevec.skole.hr\/wp-content\/uploads\/sites\/428\/2026\/01\/Natjecaj-za-operativnog-djelatnika-15.1.2026.pdf\" rel=\"attachment wp-att-300165\">Natje\u010daj za radno mjesto &#8211; operativni djelatnik\/djelatnica za sigurnost i civilnu za\u0161titu &#8211; 15.1.2026.<\/a><\/strong><\/p>\n<p><strong><a href=\"https:\/\/os-donji-kraljevec.skole.hr\/wp-content\/uploads\/sites\/428\/2025\/12\/Odluka-o-neodabiru-kandidata-za-operativnog-djelatnika-22.12.2025.pdf\" rel=\"attachment wp-att-300129\">Odluka o neodabiru kandidata za operativnog djelatnika 22.12.2025.<\/a><\/strong><\/p>\n<p><strong><a href=\"https:\/\/os-donji-kraljevec.skole.hr\/wp-content\/uploads\/sites\/428\/2025\/12\/Lista-kandidata-koji-zadovoljavaju-formalne-uvjete-natjecaja-za-operativni-djelantik-za-sigurnost-i-civilnu-zastitu.pdf\" rel=\"attachment wp-att-299892\">Lista kandidata koji zadovoljavaju formalne uvjete natje\u010daja za operativni djelantik za sigurnost i civilnu za\u0161titu<\/a><\/strong><\/p>\n<p><strong><a href=\"https:\/\/os-donji-kraljevec.skole.hr\/wp-content\/uploads\/sites\/428\/2025\/12\/Odluka-o-zaposljavanju-strucnog-suradnika-knjiznicara-1.12.2025.pdf\" rel=\"attachment wp-att-299850\">Odluka o zapo\u0161ljavanju stru\u010dnog suradnika knji\u017eni\u010dara 1.12.2025.<\/a><\/strong><\/p>\n<p><strong><a href=\"https:\/\/os-donji-kraljevec.skole.hr\/wp-content\/uploads\/sites\/428\/2025\/12\/Natjecaj-za-radno-mjesto-operativni-djelatnik-djelatnica-za-sigurnost-i-civilnu-zastitu.pdf\" rel=\"attachment wp-att-299757\">Natje\u010daj za radno mjesto &#8211; operativni djelatnik\/djelatnica za sigurnost i civilnu za\u0161titu<\/a><\/strong><\/p>\n<p><strong><a href=\"https:\/\/os-donji-kraljevec.skole.hr\/wp-content\/uploads\/sites\/428\/2025\/11\/Lista-kandidata-koji-ispunjavaju-formalne-uvjete-natjecaja-za-radno-mjesto-strucni-suradnik-njiznicar-25.11.2025.pdf\" rel=\"attachment wp-att-299646\">Lista kandidata koji ispunjavaju formalne uvjete natje\u010daja za radno mjesto stru\u010dni suradnik knji\u017eni\u010dar 25.11.2025.<\/a><\/strong><\/p>\n<p><strong><a href=\"https:\/\/os-donji-kraljevec.skole.hr\/wp-content\/uploads\/sites\/428\/2025\/11\/Natjecaj-za-strucnog-suradnika-knjiznicara-studeni-2025.pdf\" rel=\"attachment wp-att-299469\">Natje\u010daj za stru\u010dnog suradnika knji\u017eni\u010dara &#8211;\u00a0 studeni 2025.<\/a><\/strong><\/p>\n<p><strong><a href=\"https:\/\/os-donji-kraljevec.skole.hr\/wp-content\/uploads\/sites\/428\/2025\/10\/Odluka-o-zaposljavanju-pedagoginje-6.10.2025.pdf\" rel=\"attachment wp-att-298821\">Odluka o zapo\u0161ljavanju pedagoginje 6.10.2025.<\/a><\/strong><\/p>\n<p><strong><a href=\"https:\/\/os-donji-kraljevec.skole.hr\/wp-content\/uploads\/sites\/428\/2025\/09\/Lista-kandidata-koji-su-pozvani-na-testiranje-pedagog-rujan-2025.pdf\" rel=\"attachment wp-att-298812\">Lista kandidata pozvanih na testiranje &#8211; pedagog &#8211; rujan 2025.<\/a><\/strong><\/p>\n<p><strong><a href=\"https:\/\/os-donji-kraljevec.skole.hr\/wp-content\/uploads\/sites\/428\/2025\/09\/Natjecaj-za-radno-mjesto-strucnog-suradnika-pedagoga-rujan-2025.pdf\" rel=\"attachment wp-att-298605\">Natje\u010daj za radno mjesto stru\u010dnog suradnika pedagoga &#8211; rujan 2025.<\/a><\/strong><\/p>\n<p><strong><a href=\"https:\/\/os-donji-kraljevec.skole.hr\/wp-content\/uploads\/sites\/428\/2025\/09\/Odluka-o-zaposljavanju-uciteljice-RN-rujan-2025.pdf\" rel=\"attachment wp-att-298536\">Odluka o zapo\u0161ljavanju u\u010diteljice RN &#8211; rujan 2025.<\/a><\/strong><\/p>\n<p><strong><a href=\"https:\/\/os-donji-kraljevec.skole.hr\/wp-content\/uploads\/sites\/428\/2025\/09\/Odluka-o-zaposljavanju-pomocnika-u-nastavi-rujan-2025.pdf\" rel=\"attachment wp-att-298533\">Odluka o zapo\u0161ljavanju pomo\u0107nika u nastavi &#8211; rujan 2025.<\/a><\/strong><\/p>\n<p><strong><a href=\"https:\/\/os-donji-kraljevec.skole.hr\/wp-content\/uploads\/sites\/428\/2025\/09\/Odluka-o-zaposljavanju-kuharice-rujan-2025.pdf\" rel=\"attachment wp-att-298527\">Odluka o zapo\u0161ljavanju kuharice &#8211;\u00a0 rujan 2025.<\/a><\/strong><\/p>\n<p><strong><a href=\"https:\/\/os-donji-kraljevec.skole.hr\/wp-content\/uploads\/sites\/428\/2025\/09\/Lista-pozvanih-na-testiranje-razredna-nastava-rujan-2025.pdf\" rel=\"attachment wp-att-298521\">Lista kandidata pozvanih na testiranje &#8211; razredna nastava -rujan 2025.<\/a><\/strong><\/p>\n<p><strong><a href=\"https:\/\/os-donji-kraljevec.skole.hr\/wp-content\/uploads\/sites\/428\/2025\/09\/Lista-pozvanih-na-testiranje-kuharica-rujan-2025.pdf\" rel=\"attachment wp-att-298518\">Lista kandidata pozvanih na testiranje &#8211; kuhar\/ica &#8211; rujan 2025.<\/a><\/strong><\/p>\n<p><strong><a href=\"https:\/\/os-donji-kraljevec.skole.hr\/wp-content\/uploads\/sites\/428\/2025\/08\/Natjecaj-za-ucitelja-RN-25.8.2025.pdf\" rel=\"attachment wp-att-298408\">Natje\u010daj za u\u010ditelja\/icu razredne nastave &#8211;\u00a0 25.8.2025.<\/a><\/strong><\/p>\n<p><strong><a href=\"https:\/\/os-donji-kraljevec.skole.hr\/wp-content\/uploads\/sites\/428\/2025\/08\/Javni-poziv-za-pomocnike-u-nastavi-kolovoz-2025.pdf\" rel=\"attachment wp-att-298369\">Poziv za iskaz interesa za obavljanje poslova pomo\u0107nika u nastavi &#8211;\u00a0 kolovoz 2025.<\/a><\/strong><\/p>\n<p><strong><a href=\"https:\/\/os-donji-kraljevec.skole.hr\/wp-content\/uploads\/sites\/428\/2025\/08\/Natjecaj-za-kuharicu-kolovoz-2025.pdf\" rel=\"attachment wp-att-298354\">Natje\u010daj za kuhara\/icu &#8211; kolovoz 2025.<\/a><\/strong><\/p>\n<p><strong><a href=\"https:\/\/os-donji-kraljevec.skole.hr\/wp-content\/uploads\/sites\/428\/2025\/05\/Odluka-o-zaposljavanju-uciteljice-Likovne-kulture-svibanj-2025.pdf\" rel=\"attachment wp-att-297519\">Odluka o zapo\u0161ljavanju u\u010diteljice Likovne kulture svibanj 2025.<\/a><\/strong><\/p>\n<p><strong><a href=\"https:\/\/os-donji-kraljevec.skole.hr\/wp-content\/uploads\/sites\/428\/2025\/04\/Lista-kandidata-LK-2025.pdf\" rel=\"attachment wp-att-297156\">Lista kandidata pozvanih na testiranje &#8211; Likovna kultura 2025.<\/a><\/strong><\/p>\n<p><strong><a href=\"https:\/\/os-donji-kraljevec.skole.hr\/wp-content\/uploads\/sites\/428\/2025\/04\/Natjecaj-za-ucitelja-Likovne-kulture-7.4.2025.pdf\" rel=\"attachment wp-att-296925\">Natje\u010daj za u\u010ditelja Likovne kulture 7.4.2025.<\/a><\/strong><\/p>\n<p><strong><a href=\"https:\/\/os-donji-kraljevec.skole.hr\/wp-content\/uploads\/sites\/428\/2025\/04\/Odluka-o-zaposljavanju-pedagoginje-26.3.2025.pdf\" rel=\"attachment wp-att-296922\">Odluka o zapo\u0161ljavanju pedagoginje 26.3.2025.<\/a><\/strong><\/p>\n<p><strong><a href=\"https:\/\/os-donji-kraljevec.skole.hr\/wp-content\/uploads\/sites\/428\/2025\/02\/Natjecaj-za-pedagoga-skole-veljaca-2025.pdf\" rel=\"attachment wp-att-296412\">Natje\u010daj za pedagoga \u0161kole velja\u010da 2025.<\/a><\/strong><\/p>\n<p><strong><a href=\"https:\/\/os-donji-kraljevec.skole.hr\/wp-content\/uploads\/sites\/428\/2025\/02\/Odluka-o-zaposljavanju-kuharice-veljaca-2025.pdf\" rel=\"attachment wp-att-296235\">Odluka o zapo\u0161ljavanju kuharice velja\u010da 2025.<\/a><\/strong><\/p>\n<p><strong><a href=\"https:\/\/os-donji-kraljevec.skole.hr\/wp-content\/uploads\/sites\/428\/2025\/01\/Natjecaj-za-kuharicu-11.1.2025.pdf\" rel=\"attachment wp-att-295848\">Natje\u010daj za kuharicu 11.1.2025.<\/a><\/strong><\/p>\n<p><strong><a href=\"https:\/\/os-donji-kraljevec.skole.hr\/wp-content\/uploads\/sites\/428\/2024\/12\/Odluka-o-zaposljavanju-pomocnika-u-nastavi-18.12.2024.pdf\" rel=\"attachment wp-att-295560\">Odluka o zapo\u0161ljavanju pomo\u0107nika u nastavi 18.12.2024.<\/a><\/strong><\/p>\n<p><strong><a href=\"https:\/\/os-donji-kraljevec.skole.hr\/wp-content\/uploads\/sites\/428\/2024\/11\/Poziv-za-iskaz-interesa-za-pomocnika-u-nastavi-19.11.2024.pdf\" rel=\"attachment wp-att-295227\">Poziv za iskaz interesa za pomo\u0107nika u nastavi 19.11.2024.<\/a><\/strong><\/p>\n<p><strong><a href=\"https:\/\/os-donji-kraljevec.skole.hr\/wp-content\/uploads\/sites\/428\/2024\/10\/Odluka-o-zaposljavanju-uciteljice-RN-u-PB-9.10.2024.pdf\" rel=\"attachment wp-att-294066\">Odluka o zapo\u0161ljavanju u\u010diteljice RN u PB 9.10.2024.<\/a><\/strong><\/p>\n<p><strong><a href=\"https:\/\/os-donji-kraljevec.skole.hr\/wp-content\/uploads\/sites\/428\/2024\/10\/Lista-kandidata-koji-su-zadovoljili-uvjete-natjecaja-i-vrijeme-testiranja.pdf\" rel=\"attachment wp-att-294027\">Lista kandidata koji su zadovoljili uvjete natje\u010daja i vrijeme testiranja<\/a><\/strong><\/p>\n<p><strong><a href=\"https:\/\/os-donji-kraljevec.skole.hr\/wp-content\/uploads\/sites\/428\/2024\/09\/Natjecaj-za-ucitelja-icu-RN-u-produzenom-boravku-24.9.2024.pdf\" rel=\"attachment wp-att-293817\">Natje\u010daj za u\u010ditelja-icu RN u produ\u017eenom boravku 24.9.2024.<\/a><\/strong><\/p>\n<p><strong><a href=\"https:\/\/os-donji-kraljevec.skole.hr\/wp-content\/uploads\/sites\/428\/2024\/09\/Odluka-o-zaposljavanju-pomocnica-u-nastavi-rujan-2024.pdf\" rel=\"attachment wp-att-293775\">Odluka o zapo\u0161ljavanju &#8211; pomo\u0107nica u nastavi &#8211; rujan 2024.<\/a><\/strong><\/p>\n<p><strong><a href=\"https:\/\/os-donji-kraljevec.skole.hr\/wp-content\/uploads\/sites\/428\/2024\/09\/Odluka-o-zaposljavanju-kuharice-rujan-2024.pdf\" rel=\"attachment wp-att-293772\">Odluka o zapo\u0161ljavanju kuharice rujan 2024.<\/a><\/strong><\/p>\n<p><strong><\/strong><strong><a href=\"https:\/\/os-donji-kraljevec.skole.hr\/wp-content\/uploads\/sites\/428\/2024\/08\/Poziv_za_iskazivanje_interesa_za_obavljanje_poslova_pomocnika_u_nastavi_28.8.2024.pdf\" rel=\"attachment wp-att-293313\">Poziv_za_iskazivanje_interesa_za_obavljanje_poslova_pomocnika_u_nastavi_28.8.2024.<\/a><\/strong><\/p>\n<p><strong><a href=\"https:\/\/os-donji-kraljevec.skole.hr\/wp-content\/uploads\/sites\/428\/2024\/08\/Natjecaj_za_kuharicu_22.8.2024.pdf\" rel=\"attachment wp-att-293316\">Natjecaj_za_kuharicu_22.8.2024.<\/a><\/strong><\/p>\n<p>[\/et_pb_text][\/et_pb_column][\/et_pb_row][\/et_pb_section]<\/p>\n","protected":false},"excerpt":{"rendered":"<p>Oglasi za posao Odluka o zapo\u0161ljavanju domara-lo\u017ea\u010da 25.3.2026. Lista kandidata koji ispunjavaju formalne uvjete za domara-lo\u017ea\u010da o\u017eujak 2026. Natje\u010daj za radno mjesto domar\/lo\u017ea\u010d &#8211; 5.3.2026. Odluka o zapo\u0161ljavanju operativnog djelatnika za sigurnost i civilnu za\u0161titu 6.2.2026. Lista kandidata koji ispunjavaju formalne uvjete natje\u010daja za operativnog djelatnika 27.1.2026. Natje\u010daj za radno mjesto &#8211; operativni djelatnik\/djelatnica za [&hellip;]<\/p>\n","protected":false},"author":0,"featured_media":0,"parent":0,"menu_order":0,"comment_status":"closed","ping_status":"closed","template":"","meta":{"_et_pb_use_builder":"on","_et_pb_old_content":"","_et_gb_content_width":"","footnotes":""},"class_list":["post-134","page","type-page","status-publish","hentry"],"_links":{"self":[{"href":"https:\/\/os-donji-kraljevec.skole.hr\/index.php?rest_route=\/wp\/v2\/pages\/134","targetHints":{"allow":["GET"]}}],"collection":[{"href":"https:\/\/os-donji-kraljevec.skole.hr\/index.php?rest_route=\/wp\/v2\/pages"}],"about":[{"href":"https:\/\/os-donji-kraljevec.skole.hr\/index.php?rest_route=\/wp\/v2\/types\/page"}],"replies":[{"embeddable":true,"href":"https:\/\/os-donji-kraljevec.skole.hr\/index.php?rest_route=%2Fwp%2Fv2%2Fcomments&post=134"}],"version-history":[{"count":47,"href":"https:\/\/os-donji-kraljevec.skole.hr\/index.php?rest_route=\/wp\/v2\/pages\/134\/revisions"}],"predecessor-version":[{"id":301287,"href":"https:\/\/os-donji-kraljevec.skole.hr\/index.php?rest_route=\/wp\/v2\/pages\/134\/revisions\/301287"}],"wp:attachment":[{"href":"https:\/\/os-donji-kraljevec.skole.hr\/index.php?rest_route=%2Fwp%2Fv2%2Fmedia&parent=134"}],"curies":[{"name":"wp","href":"https:\/\/api.w.org\/{rel}","templated":true}]}}