{"id":104,"date":"2023-07-28T22:08:49","date_gmt":"2023-07-28T20:08:49","guid":{"rendered":"https:\/\/os-donji-kraljevec.skole.hr\/?page_id=104"},"modified":"2025-11-05T13:59:28","modified_gmt":"2025-11-05T12:59:28","slug":"produzeni-boravak","status":"publish","type":"page","link":"https:\/\/os-donji-kraljevec.skole.hr\/?page_id=104","title":{"rendered":"Kriteriji vrednovanja"},"content":{"rendered":"<p>[et_pb_section fb_built=&#8221;1&#8243; _builder_version=&#8221;4.25.0&#8243; _module_preset=&#8221;default&#8221; global_colors_info=&#8221;{}&#8221;][et_pb_row _builder_version=&#8221;4.25.0&#8243; _module_preset=&#8221;default&#8221; global_colors_info=&#8221;{}&#8221;][et_pb_column type=&#8221;4_4&#8243; _builder_version=&#8221;4.25.0&#8243; _module_preset=&#8221;default&#8221; global_colors_info=&#8221;{}&#8221;][et_pb_text _builder_version=&#8221;4.25.0&#8243; _module_preset=&#8221;default&#8221; global_colors_info=&#8221;{}&#8221;]<\/p>\n<h4 style=\"text-align: justify\"><strong>Kriteriji vrednovanja<\/strong><\/h4>\n<p style=\"text-align: justify\"><span>Vrednovanje je sustavno prikupljanje podataka u procesu u\u010denja i postignutoj razini ostvarenosti odgojno-obrazovnih ishoda, kompetencijama, znanjima, vje\u0161tinama, sposobnostima, samostalnosti i odgovornosti prema radu, u skladu s unaprijed definiranim i prihva\u0107enim metodama i elementima. Vrednovanje obuhva\u0107a tri pristupa vrednovanju: vrednovanje za u\u010denje, vrednovanje kao u\u010denje, vrednovanje nau\u010denog. Vrednovanje za u\u010denje slu\u017ei unapre\u0111ivanju i planiranju budu\u0107ega u\u010denja i pou\u010davanja. Vrednovanje kao u\u010denje podrazumijeva aktivno uklju\u010divanje u\u010denika u proces vrednovanja te razvoj u\u010deni\u010dkoga autonomnog i samoreguliranog pristupa u\u010denju.\u00a0<\/span><\/p>\n<p>[\/et_pb_text][et_pb_accordion _builder_version=&#8221;4.25.0&#8243; _module_preset=&#8221;default&#8221; hover_enabled=&#8221;0&#8243; global_colors_info=&#8221;{}&#8221; sticky_enabled=&#8221;0&#8243;][et_pb_accordion_item title=&#8221;1. razred&#8221; open=&#8221;on&#8221; _builder_version=&#8221;4.25.0&#8243; _module_preset=&#8221;default&#8221; global_colors_info=&#8221;{}&#8221;]<\/p>\n<p><a href=\"https:\/\/os-donji-kraljevec.skole.hr\/wp-content\/uploads\/sites\/428\/2025\/10\/Elementi-i-kriteriji-vrednovanja-1.razred.pdf\" rel=\"attachment wp-att-299304\">Elementi i kriteriji vrednovanja 1.razred<\/a><\/p>\n<p>[\/et_pb_accordion_item][et_pb_accordion_item title=&#8221;2. razred&#8221; _builder_version=&#8221;4.25.0&#8243; _module_preset=&#8221;default&#8221; global_colors_info=&#8221;{}&#8221; open=&#8221;off&#8221;]<\/p>\n<p><a href=\"https:\/\/os-donji-kraljevec.skole.hr\/wp-content\/uploads\/sites\/428\/2025\/10\/Elementi-i-kriteriji-vrednovanja-2.razred.pdf\" rel=\"attachment wp-att-299310\">Elementi i kriteriji vrednovanja 2.razred<\/a><\/p>\n<p>[\/et_pb_accordion_item][et_pb_accordion_item title=&#8221;3. razred&#8221; _builder_version=&#8221;4.25.0&#8243; _module_preset=&#8221;default&#8221; global_colors_info=&#8221;{}&#8221; open=&#8221;off&#8221;]<\/p>\n<p><a href=\"https:\/\/os-donji-kraljevec.skole.hr\/wp-content\/uploads\/sites\/428\/2025\/10\/Elementi-i-kriteriji-vrednovanja-3.razred.pdf\" rel=\"attachment wp-att-299313\">Elementi i kriteriji vrednovanja 3.razred<\/a><\/p>\n<p>[\/et_pb_accordion_item][et_pb_accordion_item title=&#8221;4. razred&#8221; _builder_version=&#8221;4.25.0&#8243; _module_preset=&#8221;default&#8221; global_colors_info=&#8221;{}&#8221; open=&#8221;off&#8221;]<\/p>\n<p><a href=\"https:\/\/os-donji-kraljevec.skole.hr\/wp-content\/uploads\/sites\/428\/2025\/10\/Elementi-i-kriteriji-vrednovanja-4.razred.pdf\" rel=\"attachment wp-att-299316\">Elementi i kriteriji vrednovanja 4.razred<\/a><\/p>\n<p>[\/et_pb_accordion_item][et_pb_accordion_item title=&#8221;Hrvatski jezik&#8221; _builder_version=&#8221;4.25.0&#8243; _module_preset=&#8221;default&#8221; global_colors_info=&#8221;{}&#8221; open=&#8221;off&#8221;]<\/p>\n<p><a href=\"https:\/\/os-donji-kraljevec.skole.hr\/wp-content\/uploads\/sites\/428\/2025\/10\/Elementi-i-kriteriji-vrednovanja-Hrvatski-jezik.pdf\" rel=\"attachment wp-att-299325\">Elementi i kriteriji vrednovanja Hrvatski jezik<\/a><\/p>\n<p>[\/et_pb_accordion_item][et_pb_accordion_item title=&#8221;Likovna kultura&#8221; _builder_version=&#8221;4.25.0&#8243; _module_preset=&#8221;default&#8221; global_colors_info=&#8221;{}&#8221; open=&#8221;off&#8221;]<\/p>\n<p><a href=\"https:\/\/os-donji-kraljevec.skole.hr\/wp-content\/uploads\/sites\/428\/2025\/10\/Elementi-i-kriteriji-vrednovanja-Likovna-kultura.pdf\" rel=\"attachment wp-att-299328\">Elementi i kriteriji vrednovanja Likovna kultura<\/a><\/p>\n<p>[\/et_pb_accordion_item][et_pb_accordion_item title=&#8221;Glazbena kultura&#8221; _builder_version=&#8221;4.25.0&#8243; _module_preset=&#8221;default&#8221; global_colors_info=&#8221;{}&#8221; open=&#8221;off&#8221;]<\/p>\n<p><a href=\"https:\/\/os-donji-kraljevec.skole.hr\/wp-content\/uploads\/sites\/428\/2025\/10\/Elementi-i-kriteriji-vrednovanja-Glazbena-kultura-4.-8.razred.pdf\" rel=\"attachment wp-att-299331\">Elementi i kriteriji vrednovanja Glazbena kultura 4. &#8211; 8.razred<\/a><\/p>\n<p>[\/et_pb_accordion_item][et_pb_accordion_item title=&#8221;Engleski jezik&#8221; _builder_version=&#8221;4.25.0&#8243; _module_preset=&#8221;default&#8221; global_colors_info=&#8221;{}&#8221; open=&#8221;off&#8221;]<\/p>\n<p><a href=\"https:\/\/os-donji-kraljevec.skole.hr\/wp-content\/uploads\/sites\/428\/2025\/10\/Elementi-i-kriteriji-vrednovanja-Engleski-jezik.pdf\" rel=\"attachment wp-att-299334\">Elementi i kriteriji vrednovanja Engleski jezik<\/a><\/p>\n<p>[\/et_pb_accordion_item][et_pb_accordion_item title=&#8221;Matematika&#8221; _builder_version=&#8221;4.25.0&#8243; _module_preset=&#8221;default&#8221; global_colors_info=&#8221;{}&#8221; open=&#8221;off&#8221;]<\/p>\n<p><a href=\"https:\/\/os-donji-kraljevec.skole.hr\/wp-content\/uploads\/sites\/428\/2025\/10\/Elementi-i-kriteriji-vrednovanja-Matematika.pdf\" rel=\"attachment wp-att-299337\">Elementi i kriteriji vrednovanja Matematika<\/a><\/p>\n<p>[\/et_pb_accordion_item][et_pb_accordion_item title=&#8221;Priroda&#8221; _builder_version=&#8221;4.25.0&#8243; _module_preset=&#8221;default&#8221; global_colors_info=&#8221;{}&#8221; open=&#8221;off&#8221;]<\/p>\n<p><a href=\"https:\/\/os-donji-kraljevec.skole.hr\/wp-content\/uploads\/sites\/428\/2025\/10\/Elementi-i-kriteriji-vrednovanja-Priroda.pdf\" rel=\"attachment wp-att-299340\">Elementi i kriteriji vrednovanja Priroda<\/a><\/p>\n<p>[\/et_pb_accordion_item][et_pb_accordion_item title=&#8221;Biologija&#8221; _builder_version=&#8221;4.25.0&#8243; _module_preset=&#8221;default&#8221; global_colors_info=&#8221;{}&#8221; open=&#8221;off&#8221;]<\/p>\n<p><a href=\"https:\/\/os-donji-kraljevec.skole.hr\/wp-content\/uploads\/sites\/428\/2025\/10\/Elementi-i-kriteriji-vrednovanja-Biologija.pdf\" rel=\"attachment wp-att-299343\">Elementi i kriteriji vrednovanja Biologija<\/a><\/p>\n<p>[\/et_pb_accordion_item][et_pb_accordion_item title=&#8221;Kemija&#8221; _builder_version=&#8221;4.25.0&#8243; _module_preset=&#8221;default&#8221; hover_enabled=&#8221;0&#8243; global_colors_info=&#8221;{}&#8221; open=&#8221;off&#8221; sticky_enabled=&#8221;0&#8243;]<\/p>\n<p><a href=\"https:\/\/os-donji-kraljevec.skole.hr\/wp-content\/uploads\/sites\/428\/2025\/11\/Elementi-i-kriteriji-vrednovanja-Kemija.pdf\" rel=\"attachment wp-att-299412\">Elementi i kriteriji vrednovanja Kemija<\/a><\/p>\n<p>[\/et_pb_accordion_item][et_pb_accordion_item title=&#8221;Fizika&#8221; _builder_version=&#8221;4.25.0&#8243; _module_preset=&#8221;default&#8221; global_colors_info=&#8221;{}&#8221; open=&#8221;off&#8221;]<\/p>\n<p><a href=\"https:\/\/os-donji-kraljevec.skole.hr\/wp-content\/uploads\/sites\/428\/2025\/10\/Elementi-i-kriteriji-vrednovanja-Fizika.pdf\" rel=\"attachment wp-att-299346\">Elementi i kriteriji vrednovanja Fizika<\/a><\/p>\n<p>[\/et_pb_accordion_item][et_pb_accordion_item title=&#8221;Geografija&#8221; _builder_version=&#8221;4.25.0&#8243; _module_preset=&#8221;default&#8221; global_colors_info=&#8221;{}&#8221; open=&#8221;off&#8221;]<\/p>\n<p><a href=\"https:\/\/os-donji-kraljevec.skole.hr\/wp-content\/uploads\/sites\/428\/2025\/10\/Elementi-i-kriteriji-vrednovanja-Geografija.pdf\" rel=\"attachment wp-att-299349\">Elementi i kriteriji vrednovanja &#8211; Geografija<\/a><\/p>\n<p>[\/et_pb_accordion_item][et_pb_accordion_item title=&#8221;Povijest&#8221; _builder_version=&#8221;4.25.0&#8243; _module_preset=&#8221;default&#8221; global_colors_info=&#8221;{}&#8221; open=&#8221;off&#8221;]<\/p>\n<p><a href=\"https:\/\/os-donji-kraljevec.skole.hr\/wp-content\/uploads\/sites\/428\/2025\/10\/Elementi-i-kriteriji-vrednovanja-Povijest.pdf\" rel=\"attachment wp-att-299352\">Elementi i kriteriji vrednovanja Povijest<\/a><\/p>\n<p>[\/et_pb_accordion_item][et_pb_accordion_item title=&#8221;Tehni\u010dka kultura&#8221; _builder_version=&#8221;4.25.0&#8243; _module_preset=&#8221;default&#8221; global_colors_info=&#8221;{}&#8221; open=&#8221;off&#8221;]<\/p>\n<p><a href=\"https:\/\/os-donji-kraljevec.skole.hr\/wp-content\/uploads\/sites\/428\/2025\/10\/Elementi-i-kriteriji-vrednovanja-Tehnicka-kultura.pdf\" rel=\"attachment wp-att-299355\">Elementi i kriteriji vrednovanja Tehni\u010dka kultura<\/a><\/p>\n<p>[\/et_pb_accordion_item][et_pb_accordion_item title=&#8221;Tjelesna i zdravstvena kultura&#8221; _builder_version=&#8221;4.25.0&#8243; _module_preset=&#8221;default&#8221; global_colors_info=&#8221;{}&#8221; open=&#8221;off&#8221;]<\/p>\n<p><a href=\"https:\/\/os-donji-kraljevec.skole.hr\/wp-content\/uploads\/sites\/428\/2025\/10\/Elementi-i-kriteriji-vrednovanja-TZK.pdf\" rel=\"attachment wp-att-299358\">Elementi i kriteriji vrednovanja TZK<\/a><\/p>\n<p>[\/et_pb_accordion_item][et_pb_accordion_item title=&#8221;Njema\u010dki jezik&#8221; _builder_version=&#8221;4.25.0&#8243; _module_preset=&#8221;default&#8221; global_colors_info=&#8221;{}&#8221; open=&#8221;off&#8221;]<\/p>\n<p><a href=\"https:\/\/os-donji-kraljevec.skole.hr\/wp-content\/uploads\/sites\/428\/2025\/10\/Elementi-i-kriteriji-vrednovanja-Njemacki-jezik.pdf\" rel=\"attachment wp-att-299361\">Elementi i kriteriji vrednovanja Njema\u010dki jezik<\/a><\/p>\n<p>[\/et_pb_accordion_item][et_pb_accordion_item title=&#8221;Vjeronauk&#8221; _builder_version=&#8221;4.25.0&#8243; _module_preset=&#8221;default&#8221; global_colors_info=&#8221;{}&#8221; open=&#8221;off&#8221;]<\/p>\n<p><a href=\"https:\/\/os-donji-kraljevec.skole.hr\/wp-content\/uploads\/sites\/428\/2025\/10\/Elementi-i-kriteriji-vrednovanja-Katolicki-vjeronauk-1.-3.razred.pdf\" rel=\"attachment wp-att-299364\">Elementi i kriteriji vrednovanja Katoli\u010dki vjeronauk 1. -3.razred<\/a><\/p>\n<p><a href=\"https:\/\/os-donji-kraljevec.skole.hr\/wp-content\/uploads\/sites\/428\/2025\/10\/Elementi-i-kriteriji-vrednovanja-Katolicki-vjeronauk-4.-do-8.razred.pdf\" rel=\"attachment wp-att-299367\">Elementi i kriteriji vrednovanja Katoli\u010dki vjeronauk 4. do 8.razred<\/a><\/p>\n<p>[\/et_pb_accordion_item][et_pb_accordion_item title=&#8221;Informatika&#8221; _builder_version=&#8221;4.25.0&#8243; _module_preset=&#8221;default&#8221; global_colors_info=&#8221;{}&#8221; open=&#8221;off&#8221;]<\/p>\n<p><a href=\"https:\/\/os-donji-kraljevec.skole.hr\/wp-content\/uploads\/sites\/428\/2025\/11\/Elementi-i-kriteriji-vrednovanja-1.-razred.pdf\" rel=\"attachment wp-att-299379\">Elementi i kriteriji vrednovanja 1. razred<\/a><\/p>\n<p><a href=\"https:\/\/os-donji-kraljevec.skole.hr\/wp-content\/uploads\/sites\/428\/2025\/11\/Elementi-i-kriteriji-vrednovanja-2.-razred.pdf\" rel=\"attachment wp-att-299385\">Elementi i kriteriji vrednovanja 2. razred<\/a><\/p>\n<p><a href=\"https:\/\/os-donji-kraljevec.skole.hr\/wp-content\/uploads\/sites\/428\/2025\/11\/Elementi-i-kriteriji-vrednovanja-3.-razred.pdf\" rel=\"attachment wp-att-299388\">Elementi i kriteriji vrednovanja 3. razred<\/a><\/p>\n<p><a href=\"https:\/\/os-donji-kraljevec.skole.hr\/wp-content\/uploads\/sites\/428\/2025\/11\/Elementi-i-kriteriji-vrednovanja-4.-razred.pdf\" rel=\"attachment wp-att-299394\">Elementi i kriteriji vrednovanja 4. razred<\/a><\/p>\n<p><a href=\"https:\/\/os-donji-kraljevec.skole.hr\/wp-content\/uploads\/sites\/428\/2025\/11\/Elementi-i-kriteriji-vrednovanja-5.-razred.pdf\" rel=\"attachment wp-att-299397\">Elementi i kriteriji vrednovanja 5. razred<\/a><\/p>\n<p><a href=\"https:\/\/os-donji-kraljevec.skole.hr\/wp-content\/uploads\/sites\/428\/2025\/11\/Elementi-i-kriteriji-vrednovanja-6.-razred.pdf\" rel=\"attachment wp-att-299400\">Elementi i kriteriji vrednovanja 6. razred<\/a><\/p>\n<p><a href=\"https:\/\/os-donji-kraljevec.skole.hr\/wp-content\/uploads\/sites\/428\/2025\/11\/Elementi-i-kriteriji-vrednovanja-7.-razred.pdf\" rel=\"attachment wp-att-299403\">Elementi i kriteriji vrednovanja 7. razred<\/a><\/p>\n<p><a href=\"https:\/\/os-donji-kraljevec.skole.hr\/wp-content\/uploads\/sites\/428\/2025\/11\/Elementi-i-kriteriji-vrednovanja-8.-razred.pdf\" rel=\"attachment wp-att-299406\">Elementi i kriteriji vrednovanja 8. razred<\/a><\/p>\n<p>[\/et_pb_accordion_item][\/et_pb_accordion][\/et_pb_column][\/et_pb_row][\/et_pb_section]<\/p>\n","protected":false},"excerpt":{"rendered":"<p>Kriteriji vrednovanja Vrednovanje je sustavno prikupljanje podataka u procesu u\u010denja i postignutoj razini ostvarenosti odgojno-obrazovnih ishoda, kompetencijama, znanjima, vje\u0161tinama, sposobnostima, samostalnosti i odgovornosti prema radu, u skladu s unaprijed definiranim i prihva\u0107enim metodama i elementima. Vrednovanje obuhva\u0107a tri pristupa vrednovanju: vrednovanje za u\u010denje, vrednovanje kao u\u010denje, vrednovanje nau\u010denog. Vrednovanje za u\u010denje slu\u017ei unapre\u0111ivanju i planiranju [&hellip;]<\/p>\n","protected":false},"author":0,"featured_media":0,"parent":0,"menu_order":0,"comment_status":"closed","ping_status":"closed","template":"","meta":{"_et_pb_use_builder":"on","_et_pb_old_content":"","_et_gb_content_width":"","footnotes":""},"class_list":["post-104","page","type-page","status-publish","hentry"],"_links":{"self":[{"href":"https:\/\/os-donji-kraljevec.skole.hr\/index.php?rest_route=\/wp\/v2\/pages\/104","targetHints":{"allow":["GET"]}}],"collection":[{"href":"https:\/\/os-donji-kraljevec.skole.hr\/index.php?rest_route=\/wp\/v2\/pages"}],"about":[{"href":"https:\/\/os-donji-kraljevec.skole.hr\/index.php?rest_route=\/wp\/v2\/types\/page"}],"replies":[{"embeddable":true,"href":"https:\/\/os-donji-kraljevec.skole.hr\/index.php?rest_route=%2Fwp%2Fv2%2Fcomments&post=104"}],"version-history":[{"count":36,"href":"https:\/\/os-donji-kraljevec.skole.hr\/index.php?rest_route=\/wp\/v2\/pages\/104\/revisions"}],"predecessor-version":[{"id":299418,"href":"https:\/\/os-donji-kraljevec.skole.hr\/index.php?rest_route=\/wp\/v2\/pages\/104\/revisions\/299418"}],"wp:attachment":[{"href":"https:\/\/os-donji-kraljevec.skole.hr\/index.php?rest_route=%2Fwp%2Fv2%2Fmedia&parent=104"}],"curies":[{"name":"wp","href":"https:\/\/api.w.org\/{rel}","templated":true}]}}